{"id":4132,"date":"2018-10-07T17:37:14","date_gmt":"2018-10-07T15:37:14","guid":{"rendered":"http:\/\/orangerienormandie.com.greenhostpreview.nl\/gastronomy\/"},"modified":"2023-08-14T13:10:26","modified_gmt":"2023-08-14T11:10:26","slug":"gastronomy","status":"publish","type":"page","link":"https:\/\/orangerienormandie.com\/en\/gastronomy\/","title":{"rendered":"GASTRONOMY"},"content":{"rendered":"<div class=\"wpb-content-wrapper\"><p>[vc_row hue=&#8221;#ff0000&#8243; css=&#8221;.vc_custom_1656322247499{margin-top: 0px !important;margin-bottom: 0px !important;padding-top: 100px !important;padding-bottom: 100px !important;background-position: 0 0 !important;background-repeat: no-repeat !important;}&#8221;][vc_column width=&#8221;2\/3&#8243; zero_padding_on_mobile=&#8221;on&#8221; zero_margin_on_mobile=&#8221;on&#8221; css=&#8221;.vc_custom_1656322241718{padding-right: 10% !important;padding-left: 10% !important;}&#8221;][vc_custom_heading text=&#8221;BEING TOGETHER AND EATING GOOD FOOD TOGETHER&#8221; font_container=&#8221;tag:p|text_align:center|color:%233e6d96&#8243; use_theme_fonts=&#8221;yes&#8221;][vc_custom_heading text=&#8221;From breakfast buffet to Norman cheese board&#8221; font_container=&#8221;tag:h2|text_align:center|color:%23ffffff&#8221; use_theme_fonts=&#8221;yes&#8221; css=&#8221;.vc_custom_1669737402014{margin-bottom: -90px !important;border-bottom-width: 2px !important;border-bottom-color: #0a0a0a !important;border-bottom-style: solid !important;}&#8221;][vc_custom_heading text=&#8221;From breakfast buffet to Norman cheese board&#8221; font_container=&#8221;tag:h2|text_align:center|color:%23000000&#8243; use_theme_fonts=&#8221;yes&#8221; css=&#8221;.vc_custom_1669737409019{margin-right: 15% !important;margin-bottom: 20px !important;margin-left: 15% !important;padding-right: 5% !important;padding-left: 5% !important;background-color: #ffffff !important;}&#8221;][vc_custom_heading text=&#8221;Being together and eating good food together are almost inseparable. But grocery shopping and cooking food for a large group is not always easy, especially if you want to vacation, work together or run a course program in the meantime.<br \/>\nWhen I first saw L&apos;Orangerie, I immediately saw the possibilities for large groups to cook and eat together. AND for me to provide that food. That&apos;s why I offer different packages.<\/p>\n<p>If you prefer a vacation without additional services book through AirBnB &#8211; via this link: https:\/\/airbnb.com\/h\/orangerienormandie&#8221; font_container=&#8221;tag:p|text_align:center|color:%23000000&#8243; use_theme_fonts=&#8221;yes&#8221; css=&#8221;.vc_custom_1670423504104{margin-top: 0px !important;padding-top: 0px !important;}&#8221;][\/vc_column][vc_column parallax=&#8221;content-moving&#8221; width=&#8221;1\/3&#8243;][vc_empty_space height=&#8221;40px&#8221;][vc_single_image image=&#8221;2027&#8243; img_size=&#8221;medium&#8221; alignment=&#8221;center&#8221; css_animation=&#8221;fadeIn&#8221; parallax_ratio=&#8221;0&#8243;][\/vc_column][\/vc_row][vc_row full_width=&#8221;stretch_row_content_no_spaces&#8221; content_placement=&#8221;middle&#8221; css=&#8221;.vc_custom_1538936526141{margin-top: 0px !important;margin-bottom: 0px !important;padding-top: 0px !important;padding-bottom: 0px !important;background-color: #fffafa !important;}&#8221;][vc_column width=&#8221;1\/2&#8243; css=&#8221;.vc_custom_1538936459100{margin-top: 0px !important;margin-bottom: 0px !important;padding-top: 0px !important;padding-bottom: 0px !important;}&#8221;][vc_single_image image=&#8221;2643&#8243; img_size=&#8221;full&#8221; alignment=&#8221;center&#8221; parallax_ratio=&#8221;1.0&#8243; css=&#8221;.vc_custom_1669736848243{margin-top: 0px !important;margin-bottom: 0px !important;padding-top: 0px !important;padding-bottom: 0px !important;}&#8221;][\/vc_column][vc_column width=&#8221;1\/2&#8243; zero_padding_on_mobile=&#8221;on&#8221; zero_margin_on_mobile=&#8221;on&#8221; css=&#8221;.vc_custom_1538936205115{padding-right: 15% !important;padding-left: 15% !important;}&#8221;][vc_column_text]<\/p>\n<h2 style=\"text-align: center;\">Methodology<\/h2>\n<p><span data-contrast=\"auto\">Arrangements may include a variety of meals. You can choose to be fully taken care of every day. Or, for example, having a meal ready only on the day of arrival.  <\/span><span data-ccp-props=\"{\"201341983\":0,\"335559739\":160,\"335559740\":259}\"> <\/span><\/p>\n<p><span data-contrast=\"auto\">Or, imagine for grandma&#8217;s birthday or your parents&#8217; wedding anniversary a full banquet is made for the whole group, so no one has to leave the table to prepare the food in the kitchen. I am happy to take that off your hands.<\/span><span data-ccp-props=\"{\"201341983\":0,\"335559739\":160,\"335559740\":259}\"> <\/span><\/p>\n<h4><span data-contrast=\"auto\">What will be on the table?  <\/span><span data-ccp-props=\"{\"201341983\":0,\"335559739\":160,\"335559740\":259}\"> <\/span><\/h4>\n<p><span data-contrast=\"auto\">I try to cook with the seasons as much as possible and  <\/span><span data-ccp-props=\"{\"201341983\":0,\"335559739\":160,\"335559740\":259}\">Make as much as possible yourself. I also enjoy working with local suppliers. Whenever possible, I choose organic products.  <\/span><\/p>\n<p>In consultation, many dishes are possible.<\/p>\n<p><span data-contrast=\"auto\">I&#8217;m happy to accommodate requests and allergies. I get great satisfaction from cooking for the whole group in such a way that everyone can eat it, without anyone noticing that a preference or allergy has been taken into account!  <\/span><span data-ccp-props=\"{\"201341983\":0,\"335559739\":160,\"335559740\":259}\"> <\/span>[\/vc_column_text]<span  id=\"wofcb-1\" class=\"ozy-custom_button_w\"><a id=\"ofcb-1\" style=\"--data-bordercolor:#c59d5f\" class=\"ozy-custom_button ocbtn-0\"  href=\"\/contact\"  target=\"_self\" >CONTACT<\/a><\/span>[vc_custom_heading text=&#8221;Gastronomy Orangery: Hospitable and convenient!&#8221; font_container=&#8221;tag:h6|text_align:center|color:%232f2b2c&#8221; google_fonts=&#8221;font_family:Playfair%20Display%3Aregular%2Citalic%2C700%2C700italic%2C900%2C900italic|font_style:400%20italic%3A400%3Aitalic&#8221; css=&#8221;.vc_custom_1671713199713{padding-bottom: 30px !important;}&#8221;][\/vc_column][\/vc_row][vc_row css=&#8221;.vc_custom_1538939629309{margin-top: 0px !important;margin-bottom: 0px !important;padding-top: 100px !important;padding-bottom: 60px !important;}&#8221;][vc_column][vc_custom_heading text=&#8221;Arrangements&#8221; font_container=&#8221;tag:h2|text_align:center&#8221; use_theme_fonts=&#8221;yes&#8221;][\/vc_column][\/vc_row][vc_row full_width=&#8221;stretch_row&#8221; css=&#8221;.vc_custom_1519631129918{margin-top: 0px !important;margin-bottom: 0px !important;padding-top: 50px !important;padding-bottom: 50px !important;}&#8221;][vc_column]\n<div class=\"ozy-image_with_featured_content style-overlapped shadow-none  content_right   vc_custom_1671713529167\" style=\"min-height:740px\">\n<div><div class=\"ozy-background-cycler\"><div class=\"active\" style=\"background-image:url(https:\/\/orangerienormandie.com\/wp-content\/uploads\/2022\/11\/Catering-Orangerie-Normandie-verblijf-zakelijk-retreates-familie-vakantiewoning-landhuis-woonboerderij-08.jpg)\"><img decoding=\"async\" src=\"https:\/\/orangerienormandie.com\/wp-content\/uploads\/2022\/11\/Catering-Orangerie-Normandie-verblijf-zakelijk-retreates-familie-vakantiewoning-landhuis-woonboerderij-08.jpg\" style=\"width:100%;height:100%;visibility:hidden;z-index:-1;\"\/><\/div><div class=\"\" style=\"background-image:url(https:\/\/orangerienormandie.com\/wp-content\/uploads\/2022\/11\/Catering-Orangerie-Normandie-verblijf-zakelijk-retreates-familie-vakantiewoning-landhuis-woonboerderij-07.jpg)\"><img decoding=\"async\" src=\"https:\/\/orangerienormandie.com\/wp-content\/uploads\/2022\/11\/Catering-Orangerie-Normandie-verblijf-zakelijk-retreates-familie-vakantiewoning-landhuis-woonboerderij-07.jpg\" style=\"width:100%;height:100%;visibility:hidden;z-index:-1;\"\/><\/div><div class=\"\" style=\"background-image:url(https:\/\/orangerienormandie.com\/wp-content\/uploads\/2022\/12\/Catering-Orangerie-Normandie-verblijf-zakelijk-retreates-familie-vakantiewoning-landhuis-woonboerderij-03.jpg)\"><img decoding=\"async\" src=\"https:\/\/orangerienormandie.com\/wp-content\/uploads\/2022\/12\/Catering-Orangerie-Normandie-verblijf-zakelijk-retreates-familie-vakantiewoning-landhuis-woonboerderij-03.jpg\" style=\"width:100%;height:100%;visibility:hidden;z-index:-1;\"\/><\/div><div class=\"\" style=\"background-image:url(https:\/\/orangerienormandie.com\/wp-content\/uploads\/2022\/12\/Catering-Orangerie-Normandie-verblijf-zakelijk-retreates-familie-vakantiewoning-landhuis-woonboerderij-05.jpg)\"><img decoding=\"async\" src=\"https:\/\/orangerienormandie.com\/wp-content\/uploads\/2022\/12\/Catering-Orangerie-Normandie-verblijf-zakelijk-retreates-familie-vakantiewoning-landhuis-woonboerderij-05.jpg\" style=\"width:100%;height:100%;visibility:hidden;z-index:-1;\"\/><\/div><\/div><\/div><div class=\"has-bg-color\" style=\"background-color:#80b7de;\" >[vc_custom_heading text=&#8221;A crisp spring day&#8221; font_container=&#8221;tag:h4|text_align:left|color:%23ffffff&#8221; use_theme_fonts=&#8221;yes&#8221;][vc_column_text el_class=&#8221;wittetekst&#8221;]<span data-contrast=\"auto\"><strong>Breakfast Buffet<\/strong>:<\/span><span data-ccp-props=\"{\"201341983\":0,\"335559739\":160,\"335559740\":259}\"> <\/span><span data-contrast=\"auto\">Homemade granola with strawberries and hangop, eggs in different ways, croissants, homemade jams and jams, cold cuts. Coffee and tea.<\/span><span data-ccp-props=\"{\"201341983\":0,\"335559739\":160,\"335559740\":259}\"> <\/span><\/p>\n<p><span data-contrast=\"auto\"><strong>Coffee Time<\/strong>:<\/span><span data-ccp-props=\"{\"201341983\":0,\"335559739\":160,\"335559740\":259}\"> <\/span><span data-contrast=\"auto\">Coffee with an assortment of cookies<\/span><span data-ccp-props=\"{\"201341983\":0,\"335559739\":160,\"335559740\":259}\"> <\/span><\/p>\n<p><span data-contrast=\"auto\"><strong>Lunch<\/strong>:<\/span><span data-ccp-props=\"{\"201341983\":0,\"335559739\":160,\"335559740\":259}\"> <\/span><span data-contrast=\"auto\">Beignets de chou-fleur au jambon fum\u00e9<\/span><span data-ccp-props=\"{\"201341983\":0,\"335559739\":160,\"335559740\":259}\"> | <\/span><span data-contrast=\"auto\">Quiche Lorraine with spinach salad<\/span><span data-ccp-props=\"{\"201341983\":0,\"335559739\":160,\"335559740\":259}\"> | <\/span><span data-contrast=\"auto\">Vanilla strawberry eskimo ice creams <\/span> <span data-ccp-props=\"{\"201341983\":0,\"335559739\":160,\"335559740\":259}\"> <\/span><\/p>\n<p><span data-contrast=\"auto\"><strong>Gouter<\/strong>:<\/span><span data-ccp-props=\"{\"201341983\":0,\"335559739\":160,\"335559740\":259}\"> <\/span><span data-contrast=\"auto\">Chocolate \u00e9clairs with coffee and tea<\/span><span data-ccp-props=\"{\"201341983\":0,\"335559739\":160,\"335559740\":259}\"> <\/span><\/p>\n<p><span data-contrast=\"auto\"><strong>Dinner<\/strong>:<\/span><span data-ccp-props=\"{\"201341983\":0,\"335559739\":160,\"335559740\":259}\"> <\/span><span data-contrast=\"auto\">Minestrone with spring vegetables<\/span><span data-ccp-props=\"{\"201341983\":0,\"335559739\":160,\"335559740\":259}\"> | <\/span><span data-contrast=\"auto\">Redfish with asparagus | <\/span><span data-contrast=\"auto\">Camembert |<\/span><\/p>\n<p><span data-contrast=\"auto\"><strong>Dessert<\/strong>: Nougat glac\u00e9 \u00e0 la pistache et \u00e0 la framboise<\/span><span data-ccp-props=\"{\"201341983\":0,\"335559739\":160,\"335559740\":259}\"> <\/span>[\/vc_column_text][vc_column_text css=&#8221;.vc_custom_1671730528816{margin-top: 10px !important;margin-bottom: 5px !important;border-top-width: 1px !important;border-right-width: 1px !important;border-bottom-width: 1px !important;border-left-width: 1px !important;padding-top: 5px !important;padding-right: 10px !important;padding-bottom: 5px !important;padding-left: 10px !important;border-left-color: #ffffff !important;border-left-style: solid !important;border-right-color: #ffffff !important;border-right-style: solid !important;border-top-color: #ffffff !important;border-top-style: solid !important;border-bottom-color: #ffffff !important;border-bottom-style: solid !important;}&#8221; el_class=&#8221;wittetekst&#8221;]Price on request[\/vc_column_text]<\/div><\/div>[\/vc_column][\/vc_row][vc_row full_width=&#8221;stretch_row&#8221; css=&#8221;.vc_custom_1519631129918{margin-top: 0px !important;margin-bottom: 0px !important;padding-top: 50px !important;padding-bottom: 50px !important;}&#8221;][vc_column]\n<div class=\"ozy-image_with_featured_content style-overlapped shadow-none  content_left   vc_custom_1671711394791\" style=\"min-height:640px\">\n<div><div class=\"ozy-background-cycler\"><div class=\"active\" style=\"background-image:url(https:\/\/orangerienormandie.com\/wp-content\/uploads\/2022\/11\/Catering-Orangerie-Normandie-verblijf-zakelijk-retreates-familie-vakantiewoning-landhuis-woonboerderij-06.jpg)\"><img decoding=\"async\" src=\"https:\/\/orangerienormandie.com\/wp-content\/uploads\/2022\/11\/Catering-Orangerie-Normandie-verblijf-zakelijk-retreates-familie-vakantiewoning-landhuis-woonboerderij-06.jpg\" style=\"width:100%;height:100%;visibility:hidden;z-index:-1;\"\/><\/div><div class=\"\" style=\"background-image:url(https:\/\/orangerienormandie.com\/wp-content\/uploads\/2022\/12\/P9250064-scaled.jpg)\"><img decoding=\"async\" src=\"https:\/\/orangerienormandie.com\/wp-content\/uploads\/2022\/12\/P9250064-scaled.jpg\" style=\"width:100%;height:100%;visibility:hidden;z-index:-1;\"\/><\/div><\/div><\/div><div class=\"has-bg-color\" style=\"background-color:#aec6b3;\" >[vc_custom_heading text=&#8221;Sample arrangement Spring 2023&#8243; font_container=&#8221;tag:h4|text_align:left|color:%23ffffff&#8221; use_theme_fonts=&#8221;yes&#8221;][vc_column_text el_class=&#8221;wittetekst&#8221;]<span data-contrast=\"auto\">14 people | COMPLETELY RESERVED |.  <\/span><\/p>\n<p>          <span data-contrast=\"auto\">April 25, 2023: Arrival dinner<\/span><br \/>\n          <span data-ccp-props=\"{\"201341983\":0,\"335559739\":160,\"335559740\":259}\"> <\/span><\/p>\n<p>          <span data-contrast=\"auto\">April 26, 2023: Spring Day 1<\/span><br \/>\n          <span data-ccp-props=\"{\"201341983\":0,\"335559739\":160,\"335559740\":259}\"> <\/span><\/p>\n<p>          <span data-contrast=\"auto\">April 27, 2023: Spring Day 2<\/span><br \/>\n          <span data-ccp-props=\"{\"201341983\":0,\"335559739\":160,\"335559740\":259}\"> <\/span><\/p>\n<p>          <span data-contrast=\"auto\">April 28, 2023: Breakfast Buffet<\/span><br \/>\n          <span data-ccp-props=\"{\"201341983\":0,\"335559739\":160,\"335559740\":259}\"> <\/span>[\/vc_column_text][vc_column_text css=&#8221;.vc_custom_1671730543520{margin-top: 10px !important;margin-bottom: 5px !important;border-top-width: 1px !important;border-right-width: 1px !important;border-bottom-width: 1px !important;border-left-width: 1px !important;padding-top: 5px !important;padding-right: 10px !important;padding-bottom: 5px !important;padding-left: 10px !important;border-left-color: #ffffff !important;border-left-style: solid !important;border-right-color: #ffffff !important;border-right-style: solid !important;border-top-color: #ffffff !important;border-top-style: solid !important;border-bottom-color: #ffffff !important;border-bottom-style: solid !important;}&#8221; el_class=&#8221;wittetekst&#8221;]Price on request[\/vc_column_text]<\/div><\/div>[\/vc_column][\/vc_row][vc_row full_width=&#8221;stretch_row&#8221; css=&#8221;.vc_custom_1519631129918{margin-top: 0px !important;margin-bottom: 0px !important;padding-top: 50px !important;padding-bottom: 50px !important;}&#8221;][vc_column]\n<div class=\"ozy-image_with_featured_content style-overlapped shadow-none  content_right   vc_custom_1673707319755\" style=\"min-height:640px\">\n<div><div class=\"ozy-background-cycler\"><div class=\"active\" style=\"background-image:url(https:\/\/orangerienormandie.com\/wp-content\/uploads\/2022\/12\/P9250063-scaled-e1670529620503.jpg)\"><img decoding=\"async\" src=\"https:\/\/orangerienormandie.com\/wp-content\/uploads\/2022\/12\/P9250063-scaled-e1670529620503.jpg\" style=\"width:100%;height:100%;visibility:hidden;z-index:-1;\"\/><\/div><div class=\"\" style=\"background-image:url(https:\/\/orangerienormandie.com\/wp-content\/uploads\/2022\/12\/cambodja-657-scaled.jpg)\"><img decoding=\"async\" src=\"https:\/\/orangerienormandie.com\/wp-content\/uploads\/2022\/12\/cambodja-657-scaled.jpg\" style=\"width:100%;height:100%;visibility:hidden;z-index:-1;\"\/><\/div><div class=\"\" style=\"background-image:url(https:\/\/orangerienormandie.com\/wp-content\/uploads\/2022\/12\/P9250064-scaled.jpg)\"><img decoding=\"async\" src=\"https:\/\/orangerienormandie.com\/wp-content\/uploads\/2022\/12\/P9250064-scaled.jpg\" style=\"width:100%;height:100%;visibility:hidden;z-index:-1;\"\/><\/div><\/div><\/div><div class=\"has-bg-color\" style=\"background-color:#ca7f2b;\" >[vc_custom_heading text=&#8221;Cambodian party buffet&#8221; font_container=&#8221;tag:h4|text_align:left|color:%23ffffff&#8221; use_theme_fonts=&#8221;yes&#8221;][vc_column_text el_class=&#8221;wittetekst&#8221;]<span class=\"TextRun SCXW251694106 BCX4\" lang=\"NL-NL\" data-contrast=\"auto\" xml:lang=\"NL-NL\"><br \/>\n            <span class=\"NormalTextRun SCXW251694106 BCX4\">When I travel I like to take cooking courses. So too in Cambodia. It was a great afternoon, visiting the market and cooking together with big woks. I brought home a knife and chopping block.<\/span><br \/>\n          <\/span><\/p>\n<p>          <span class=\"TextRun SCXW251694106 BCX4\" lang=\"NL-NL\" data-contrast=\"auto\" xml:lang=\"NL-NL\"><br \/>\n            <span class=\"NormalTextRun SCXW251694106 BCX4\">I bought a beautiful cookbook at a restaurant in Siem Reap, where underprivileged children are trained in cooking and serving, to give them a better future.<span class=\"EOP SCXW251694106 BCX4\" data-ccp-props=\"{\"201341983\":0,\"335559739\":160,\"335559740\":259}\">  Using this book as inspiration, I will prepare a delicious dinner for you.  <\/span><\/span><br \/>\n          <\/span><br \/>\n          <span class=\"TextRun SCXW251694106 BCX4\" lang=\"NL-NL\" data-contrast=\"auto\" xml:lang=\"NL-NL\"><br \/>\n            <span class=\"NormalTextRun SCXW251694106 BCX4\">Discover this different (food) culture and go on a journey, so to speak, through the memorable Cambodia.<\/span><br \/>\n          <\/span>[\/vc_column_text][vc_column_text css=&#8221;.vc_custom_1671730556084{margin-top: 10px !important;margin-bottom: 5px !important;border-top-width: 1px !important;border-right-width: 1px !important;border-bottom-width: 1px !important;border-left-width: 1px !important;padding-top: 5px !important;padding-right: 10px !important;padding-bottom: 5px !important;padding-left: 10px !important;border-left-color: #ffffff !important;border-left-style: solid !important;border-right-color: #ffffff !important;border-right-style: solid !important;border-top-color: #ffffff !important;border-top-style: solid !important;border-bottom-color: #ffffff !important;border-bottom-style: solid !important;}&#8221; el_class=&#8221;wittetekst&#8221;]Price on request[\/vc_column_text]<\/div><\/div>[\/vc_column][\/vc_row][vc_row css=&#8221;.vc_custom_1538939814310{margin-top: 0px !important;margin-bottom: 0px !important;padding-top: 120px !important;padding-bottom: 120px !important;}&#8221;][vc_column column_use_custom_typography_align=&#8221;center&#8221;]<div class=\"ozy-overlap_caption custom-font-on \"><h2 style=\"color:#aec6b3;\" >Ervaringen<\/h2><h3 style=\"color:#2f2b2c;\" >van onze gasten<\/h3><\/div><br \/>\n          <div class=\"carousel single wpb_content_element pagedots-false flickity-carousel  item-count-1\" data-flickity='{ \"adaptiveHeight\": false, \"pageDots\": false, \"prevNextButtons\": true, \"groupCells\": false, \"contain\" : true, \"cellAlign\": \"left\", \"imagesLoaded\": true, \"setGallerySize\": true, \"autoPlay\": false }'><br \/>\n            \n<div class=\"ozy-caroseul_item testimonial carousel-cell \">\n<div class=\"testimonial\">\n<span class=\"testimonial-author content-font-family\">Lamy family - a birthday celebration<\/span>\n<p class=\"content-color testimonial-quote heading-font\"><span style=\"font-size: 14pt;\">We were at the Orangery as a family for my wife&#8217;s birthday. Annelies offered to prepare the festive dinner, which I gladly accepted.<\/span><\/p>\n<p><strong>What a great idea, because dinner turned out to be delicious and sumptuous!<\/strong><\/p>\n<p>The dishes were very sophisticated, very well thought out and prepared with seasonal vegetables from the garden. All beautifully presented with a keen sense of aesthetics.<br \/>\nService \u00e0 l&#8217;assiette was initially planned in the immense and opulent dining room, but was eventually moved to the garden terrace because the evening was as delicious as the dishes.<br \/>\nAnnelies not only cooks very well, but also provides perfect service with a smile, empathy and efficiency. It is worth mentioning that a variant for very young children was presented and provided by Annelies.<br \/>\nTo top it off, Annelies had prepared a beautiful birthday cake, personalized to my wife&#8217;s tastes and interests, a true work of art that must have taken her a long time to make.<\/p>\n<p><strong>All in all, it was like being in an excellent restaurant, but at &#8230; at home.<\/strong><\/p>\n<\/div>\n<\/div>\n<br \/>\n            \n<div class=\"ozy-caroseul_item testimonial carousel-cell \">\n<div class=\"testimonial\">\n<span class=\"testimonial-author content-font-family\">Family van Leeuwen - a vacation in May<\/span>\n<p class=\"content-color testimonial-quote heading-font\">During the first week of May 2023, 15 of us were allowed to stay in the beautiful Orangery. We had a great week, did and saw a lot.<\/p>\n<p><strong>The last evening Annelies took care of dinner for us. For the children she had made plate pizza with raw vegetables and for dessert they had apple crumble with ice cream. What a party!<\/strong><\/p>\n<p>When most of the children had gone to bed, we were able to join them. The table was very nicely set with an old brocante service. After a glass of bubbly, we were served an extensive appetizer that included melon, French sausages, baguette with spreads, cheese balls, etc. The main course was a delicious boeuf bourgignon with couscous and grilled vegetables. It also came with a fine salad. For dessert, we too received a generous portion of apple crumble.<br \/>\nIt was delicious and for us a perfect ending to a great week! Annelies, thank you!<\/p>\n<\/div>\n<\/div>\n<br \/>\n          <\/div>[\/vc_column][\/vc_row]<\/p>\n<\/div>","protected":false},"excerpt":{"rendered":"<p>[vc_row hue=&#8221;#ff0000&#8243; css=&#8221;.vc_custom_1656322247499{margin-top: 0px !important;margin-bottom: 0px !important;padding-top: 100px !important;padding-bottom: 100px !important;background-position: 0 0 !important;background-repeat: no-repeat !important;}&#8221;][vc_column width=&#8221;2\/3&#8243; zero_padding_on_mobile=&#8221;on&#8221; zero_margin_on_mobile=&#8221;on&#8221; css=&#8221;.vc_custom_1656322241718{padding-right: 10% !important;padding-left: 10% !important;}&#8221;][vc_custom_heading text=&#8221;BEING TOGETHER AND EATING GOOD FOOD [&hellip;]<\/p>\n","protected":false},"author":1,"featured_media":3967,"parent":0,"menu_order":0,"comment_status":"closed","ping_status":"closed","template":"","meta":{"footnotes":""},"class_list":["post-4132","page","type-page","status-publish","has-post-thumbnail","hentry","has_thumb",null],"_links":{"self":[{"href":"https:\/\/orangerienormandie.com\/en\/wp-json\/wp\/v2\/pages\/4132","targetHints":{"allow":["GET"]}}],"collection":[{"href":"https:\/\/orangerienormandie.com\/en\/wp-json\/wp\/v2\/pages"}],"about":[{"href":"https:\/\/orangerienormandie.com\/en\/wp-json\/wp\/v2\/types\/page"}],"author":[{"embeddable":true,"href":"https:\/\/orangerienormandie.com\/en\/wp-json\/wp\/v2\/users\/1"}],"replies":[{"embeddable":true,"href":"https:\/\/orangerienormandie.com\/en\/wp-json\/wp\/v2\/comments?post=4132"}],"version-history":[{"count":65,"href":"https:\/\/orangerienormandie.com\/en\/wp-json\/wp\/v2\/pages\/4132\/revisions"}],"predecessor-version":[{"id":7043,"href":"https:\/\/orangerienormandie.com\/en\/wp-json\/wp\/v2\/pages\/4132\/revisions\/7043"}],"wp:featuredmedia":[{"embeddable":true,"href":"https:\/\/orangerienormandie.com\/en\/wp-json\/wp\/v2\/media\/3967"}],"wp:attachment":[{"href":"https:\/\/orangerienormandie.com\/en\/wp-json\/wp\/v2\/media?parent=4132"}],"curies":[{"name":"wp","href":"https:\/\/api.w.org\/{rel}","templated":true}]}}