{"id":4014,"date":"2022-06-22T15:03:49","date_gmt":"2022-06-22T13:03:49","guid":{"rendered":"http:\/\/orangerienormandie.com.greenhostpreview.nl\/confirmation-de-reservation\/la-transaction-a-echoue\/"},"modified":"2022-12-19T16:41:42","modified_gmt":"2022-12-19T15:41:42","slug":"la-transaction-a-echoue","status":"publish","type":"page","link":"https:\/\/orangerienormandie.com\/fr\/confirmation-de-reservation\/la-transaction-a-echoue\/","title":{"rendered":"La transaction a \u00e9chou\u00e9"},"content":{"rendered":"<p>Malheureusement, votre transaction ne peut \u00eatre compl\u00e9t\u00e9e en ce moment. Veuillez r\u00e9essayer ou nous contacter.<\/p>\n","protected":false},"excerpt":{"rendered":"<p>Malheureusement, votre transaction ne peut \u00eatre compl\u00e9t\u00e9e en ce moment. Veuillez r\u00e9essayer ou nous contacter.<\/p>\n","protected":false},"author":1,"featured_media":0,"parent":3984,"menu_order":0,"comment_status":"closed","ping_status":"closed","template":"","meta":{"footnotes":""},"class_list":["post-4014","page","type-page","status-publish","hentry",null],"_links":{"self":[{"href":"https:\/\/orangerienormandie.com\/fr\/wp-json\/wp\/v2\/pages\/4014","targetHints":{"allow":["GET"]}}],"collection":[{"href":"https:\/\/orangerienormandie.com\/fr\/wp-json\/wp\/v2\/pages"}],"about":[{"href":"https:\/\/orangerienormandie.com\/fr\/wp-json\/wp\/v2\/types\/page"}],"author":[{"embeddable":true,"href":"https:\/\/orangerienormandie.com\/fr\/wp-json\/wp\/v2\/users\/1"}],"replies":[{"embeddable":true,"href":"https:\/\/orangerienormandie.com\/fr\/wp-json\/wp\/v2\/comments?post=4014"}],"version-history":[{"count":1,"href":"https:\/\/orangerienormandie.com\/fr\/wp-json\/wp\/v2\/pages\/4014\/revisions"}],"predecessor-version":[{"id":4024,"href":"https:\/\/orangerienormandie.com\/fr\/wp-json\/wp\/v2\/pages\/4014\/revisions\/4024"}],"up":[{"embeddable":true,"href":"https:\/\/orangerienormandie.com\/fr\/wp-json\/wp\/v2\/pages\/3984"}],"wp:attachment":[{"href":"https:\/\/orangerienormandie.com\/fr\/wp-json\/wp\/v2\/media?parent=4014"}],"curies":[{"name":"wp","href":"https:\/\/api.w.org\/{rel}","templated":true}]}}