{"id":4051,"date":"2017-06-21T13:42:32","date_gmt":"2017-06-21T11:42:32","guid":{"rendered":"http:\/\/orangerienormandie.com.greenhostpreview.nl\/confirmation-de-reservation-2\/page-transaction-echouee\/"},"modified":"2022-12-19T16:41:46","modified_gmt":"2022-12-19T15:41:46","slug":"page-transaction-echouee","status":"publish","type":"page","link":"https:\/\/orangerienormandie.com\/fr\/confirmation-de-reservation-2\/page-transaction-echouee\/","title":{"rendered":"Page Transaction \u00e9chou\u00e9e"},"content":{"rendered":"<div class=\"wpb-content-wrapper\"><p>[vc_row][vc_column width=\u00a0\u00bb1\/3&Prime;][\/vc_column][vc_column width=\u00a0\u00bb1\/3&Prime;]<div id=\"tile-with-icon_icon1\" class=\"title-with-icon-wrapper rounded medium \" data-color=\"\"  style=\"\">\r\n\t\t\t<div class=\"wpb_content_element title-with-icon clearfix margin-bottom-0 \"><span  style=\"color:#ffffff !important;background-color:#c19b76 !important;\" class=\"oic-settings-1 rounded medium \" ><\/span><h4 class=\"content-color\" style=\"\">Malheureusement,<\/h4>\r\n\t\t\t<\/div><div class=\"wpb_content_element left-cs title-with-icon-content medium clearfix\" style=\"\">votre transaction ne peut \u00eatre compl\u00e9t\u00e9e pour le moment. Veuillez r\u00e9essayer ou nous contacter.<\/div><\/div>[\/vc_column][vc_column width=\u00a0\u00bb1\/3&Prime;][\/vc_column][\/vc_row][vc_row full_width=\u00a0\u00bbstretch_row\u00a0\u00bb css=\u00a0\u00bb.vc_custom_1542997865401{margin-top: 0px !important;margin-bottom: 0px !important;padding-bottom: 40px !important;}\u00a0\u00bb][vc_column][vc_custom_heading text=\u00a0\u00bbDerni\u00e8res nouvelles\u00a0\u00bb font_container=\u00a0\u00bbtag:h4|text_align:left\u00a0\u00bb use_theme_fonts=\u00a0\u00bbyes\u00a0\u00bb css=\u00a0\u00bb.vc_custom_1541192886766{margin-bottom: 30px !important;}\u00a0\u00bb]<div class=\"wpb_content_element news-carousel-wrapper\"><div class=\"explore-news\"><div class=\"news-carousel\">\t<div class=\"news-carousel-image\">\t\t<img decoding=\"async\" src=\"https:\/\/orangerienormandie.com\/wp-content\/uploads\/2024\/01\/IMG20240127151144-560x380.jpg\" alt=\"\"\/>\t<\/div><\/div><div class=\"news-carousel\">\t<div class=\"news-carousel-image\">\t\t<img decoding=\"async\" src=\"https:\/\/orangerienormandie.com\/wp-content\/uploads\/2024\/01\/IMG20240127151144-560x380.jpg\" alt=\"\" class=\"not-visible\"\/>\t\t<div class=\"news-carousel-overlay\">\t\t\t<div><span class=\"content-color-alternate heading-font\">28<\/span><span>janvier, 2024<\/span><h4 class=\"content-color-alternate heading-font\">Apprendre jeune, c&rsquo;est vieillir<\/h4><p>Le Louvre, le Prado, le Gugenheim - je les aime tous. Vraiment. Tr\u00e8s bien. Mais il peut s'agir d'un ...<\/p><a href=\"https:\/\/orangerienormandie.com\/fr\/apprendre-jeune-cest-vieillir\/\" class=\"cca-after\">READ MORE<\/a><\/div>\t\t<\/div>\t<\/div><\/div><div class=\"news-carousel\">\t<div class=\"news-carousel-image\">\t\t<img decoding=\"async\" src=\"https:\/\/orangerienormandie.com\/wp-content\/uploads\/2022\/07\/Orangerie-accommodatie-normandie-vakantiewoning-retraites-yoga-tuin-2.jpg\" alt=\"\"\/>\t<\/div><\/div><div class=\"news-carousel\">\t<div class=\"news-carousel-image\">\t\t<img decoding=\"async\" src=\"https:\/\/orangerienormandie.com\/wp-content\/uploads\/2022\/07\/Orangerie-accommodatie-normandie-vakantiewoning-retraites-yoga-tuin-2.jpg\" alt=\"\" class=\"not-visible\"\/>\t\t<div class=\"news-carousel-overlay\">\t\t\t<div><span class=\"content-color-alternate heading-font\">21<\/span><span>janvier, 2024<\/span><h4 class=\"content-color-alternate heading-font\">Le trac de l&rsquo;\u00e9t\u00e9 se fait sentir<\/h4><p>Ok, ok, c'est encore un peu loin, mais j'ai soudainement h\u00e2te d'\u00eatre en \u00e9t\u00e9 !<\/p><a href=\"https:\/\/orangerienormandie.com\/fr\/le-trac-de-lete-se-fait-sentir\/\" class=\"cca-after\">READ MORE<\/a><\/div>\t\t<\/div>\t<\/div><\/div><div class=\"news-carousel\">\t<div class=\"news-carousel-image\">\t\t<img decoding=\"async\" src=\"https:\/\/orangerienormandie.com\/wp-content\/uploads\/2022\/07\/Nostalgie-markt-Caen-omgeving-LOrangerie-vakantiehuis-retraites-zakelijk-catering-1-560x380.jpg\" alt=\"\"\/>\t<\/div><\/div><div class=\"news-carousel\">\t<div class=\"news-carousel-image\">\t\t<img decoding=\"async\" src=\"https:\/\/orangerienormandie.com\/wp-content\/uploads\/2022\/07\/Nostalgie-markt-Caen-omgeving-LOrangerie-vakantiehuis-retraites-zakelijk-catering-1-560x380.jpg\" alt=\"\" class=\"not-visible\"\/>\t\t<div class=\"news-carousel-overlay\">\t\t\t<div><span class=\"content-color-alternate heading-font\">12<\/span><span>juillet, 2022<\/span><h4 class=\"content-color-alternate heading-font\">Nostalgie \u00e0 Caen<\/h4><p>Annelies, la nostalgie ? Vous vivez en France depuis \u00e0 peine un mois. Bien. Heus. Vous pouvez. ...<\/p><a href=\"https:\/\/orangerienormandie.com\/fr\/nostalgie-a-caen\/\" class=\"cca-after\">READ MORE<\/a><\/div>\t\t<\/div>\t<\/div><\/div><div class=\"news-carousel\">\t<div class=\"news-carousel-image\">\t\t<img decoding=\"async\" src=\"https:\/\/orangerienormandie.com\/wp-content\/uploads\/2018\/10\/fauteuils-rommelmarkten-brocante-franktijk-omgeving-vakantiehuis-orangerie-normandie-560x380.jpg\" alt=\"\"\/>\t<\/div><\/div><div class=\"news-carousel\">\t<div class=\"news-carousel-image\">\t\t<img decoding=\"async\" src=\"https:\/\/orangerienormandie.com\/wp-content\/uploads\/2018\/10\/fauteuils-rommelmarkten-brocante-franktijk-omgeving-vakantiehuis-orangerie-normandie-560x380.jpg\" alt=\"\" class=\"not-visible\"\/>\t\t<div class=\"news-carousel-overlay\">\t\t\t<div><span class=\"content-color-alternate heading-font\">30<\/span><span>juin, 2022<\/span><h4 class=\"content-color-alternate heading-font\">Un dimanche de mai : rel\u00e2cher ou march\u00e9s aux puces ??<\/h4><p>Vais-je opter pour une combinaison entre le chat, le canap\u00e9, une couverture et\/ou du chocolat ce dimanche ...<\/p><a href=\"https:\/\/orangerienormandie.com\/fr\/un-dimanche-de-mai-fouilles-ou-marches-aux-puces\/\" class=\"cca-after\">READ MORE<\/a><\/div>\t\t<\/div>\t<\/div><\/div><div class=\"news-carousel\">\t<div class=\"news-carousel-image\">\t\t<img decoding=\"async\" src=\"https:\/\/orangerienormandie.com\/wp-content\/uploads\/2022\/07\/Mijn-moestuin-LOrangerie-vakantiehuis-retraites-planning-youtube-leren-marktenJPG-560x380.jpg\" alt=\"\"\/>\t<\/div><\/div><div class=\"news-carousel\">\t<div class=\"news-carousel-image\">\t\t<img decoding=\"async\" src=\"https:\/\/orangerienormandie.com\/wp-content\/uploads\/2022\/07\/Mijn-moestuin-LOrangerie-vakantiehuis-retraites-planning-youtube-leren-marktenJPG-560x380.jpg\" alt=\"\" class=\"not-visible\"\/>\t\t<div class=\"news-carousel-overlay\">\t\t\t<div><span class=\"content-color-alternate heading-font\">12<\/span><span>juin, 2022<\/span><h4 class=\"content-color-alternate heading-font\">Mon potager et moi<\/h4><p>J'aimerais bien \u00e9crire un article sur la fa\u00e7on dont je planifie, entretiens, s\u00e8me et r\u00e9colte mon potager ...<\/p><a href=\"https:\/\/orangerienormandie.com\/fr\/mon-potager-et-moi\/\" class=\"cca-after\">READ MORE<\/a><\/div>\t\t<\/div>\t<\/div><\/div><\/div><button class=\"btn news-carousel-control content-color-alternate button--previous\"><i class=\"icon-left-arrow\"><\/i><\/button><button class=\"btn news-carousel-control content-color-alternate button--next\"><i class=\"icon-right-arrow\"><\/i><\/button><\/div>[\/vc_column][\/vc_row]<\/p>\n<\/div>","protected":false},"excerpt":{"rendered":"<p>[vc_row][vc_column width=\u00a0\u00bb1\/3&Prime;][\/vc_column][vc_column width=\u00a0\u00bb1\/3&Prime;][\/vc_column][vc_column width=\u00a0\u00bb1\/3&Prime;][\/vc_column][\/vc_row][vc_row full_width=\u00a0\u00bbstretch_row\u00a0\u00bb css=\u00a0\u00bb.vc_custom_1542997865401{margin-top: 0px !important;margin-bottom: 0px !important;padding-bottom: 40px !important;}\u00a0\u00bb][vc_column][vc_custom_heading text=\u00a0\u00bbDerni\u00e8res nouvelles\u00a0\u00bb font_container=\u00a0\u00bbtag:h4|text_align:left\u00a0\u00bb use_theme_fonts=\u00a0\u00bbyes\u00a0\u00bb css=\u00a0\u00bb.vc_custom_1541192886766{margin-bottom: 30px !important;}\u00a0\u00bb][\/vc_column][\/vc_row]<\/p>\n","protected":false},"author":1,"featured_media":0,"parent":4041,"menu_order":0,"comment_status":"closed","ping_status":"closed","template":"","meta":{"footnotes":""},"class_list":["post-4051","page","type-page","status-publish","hentry","cat-83-id","has_thumb",null],"_links":{"self":[{"href":"https:\/\/orangerienormandie.com\/fr\/wp-json\/wp\/v2\/pages\/4051","targetHints":{"allow":["GET"]}}],"collection":[{"href":"https:\/\/orangerienormandie.com\/fr\/wp-json\/wp\/v2\/pages"}],"about":[{"href":"https:\/\/orangerienormandie.com\/fr\/wp-json\/wp\/v2\/types\/page"}],"author":[{"embeddable":true,"href":"https:\/\/orangerienormandie.com\/fr\/wp-json\/wp\/v2\/users\/1"}],"replies":[{"embeddable":true,"href":"https:\/\/orangerienormandie.com\/fr\/wp-json\/wp\/v2\/comments?post=4051"}],"version-history":[{"count":3,"href":"https:\/\/orangerienormandie.com\/fr\/wp-json\/wp\/v2\/pages\/4051\/revisions"}],"predecessor-version":[{"id":4065,"href":"https:\/\/orangerienormandie.com\/fr\/wp-json\/wp\/v2\/pages\/4051\/revisions\/4065"}],"up":[{"embeddable":true,"href":"https:\/\/orangerienormandie.com\/fr\/wp-json\/wp\/v2\/pages\/4041"}],"wp:attachment":[{"href":"https:\/\/orangerienormandie.com\/fr\/wp-json\/wp\/v2\/media?parent=4051"}],"curies":[{"name":"wp","href":"https:\/\/api.w.org\/{rel}","templated":true}]}}