{"id":4092,"date":"2018-10-03T18:47:43","date_gmt":"2018-10-03T16:47:43","guid":{"rendered":"http:\/\/orangerienormandie.com.greenhostpreview.nl\/contact\/"},"modified":"2024-03-19T10:02:26","modified_gmt":"2024-03-19T09:02:26","slug":"contact","status":"publish","type":"page","link":"https:\/\/orangerienormandie.com\/fr\/contact\/","title":{"rendered":"CONTACT"},"content":{"rendered":"<div class=\"wpb-content-wrapper\"><p>[vc_row full_width=\u00a0\u00bbstretch_row\u00a0\u00bb full_height=\u00a0\u00bbyes\u00a0\u00bb zero_margin_on_mobile=\u00a0\u00bbon\u00a0\u00bb hue=\u00a0\u00bb#ff0000&Prime; hide_this_row=\u00a0\u00bbdesktop\u00a0\u00bb bg_slider_images=\u00a0\u00bb2733&Prime; css=\u00a0\u00bb.vc_custom_1657701383309{margin-top: 0px !important;margin-bottom: 0px !important;padding-top: 100px !important;padding-bottom: 50px !important;}\u00a0\u00bb][vc_column css=\u00a0\u00bb.vc_custom_1542133024582{margin-bottom: 0px !important;padding-bottom: 0px !important;}\u00a0\u00bb offset=\u00a0\u00bbvc_hidden-lg vc_hidden-md\u00a0\u00bb][vc_custom_heading text=\u00a0\u00bbContact\u00a0\u00bb font_container=\u00a0\u00bbtag:h2|text_align:center|color:%23ffffff\u00a0\u00bb use_theme_fonts=\u00a0\u00bbyes\u00a0\u00bb][vc_empty_space height=\u00a0\u00bb50px\u00a0\u00bb]<div id=\"tile-with-icon_icon1\" class=\"title-with-icon-wrapper clear small \" data-color=\"\"  style=\"\">\r\n\t\t\t<div class=\"wpb_content_element title-with-icon clearfix margin-bottom-0 \"><span  style=\"color:#000000 !important;background-color: !important;\" class=\"oic-outlined-iconset-20 clear small \" ><\/span><h5 style=\"color:#000000\">Orangerie Normandie<\/h5>\r\n\t\t\t<\/div><div class=\"wpb_content_element left-cs title-with-icon-content small clearfix\" style=\"color:#000000\">We streven ernaar binnen drie werkdagen de aanvraag te beantwoorden. Omdat we met verschillende boekingssystemen werken, is een aanvraag pas definitief na bevestiging van de Orangerie. Mocht je andere vragen hebben omtrent de mogelijkheden of de accommodatie, neem ook dan gerust contact met ons op!<\/div><\/div><div id=\"tile-with-icon_icon2\" class=\"title-with-icon-wrapper clear small \" data-color=\"\"  style=\"\">\r\n\t\t\t<div class=\"wpb_content_element title-with-icon clearfix margin-bottom-0 \"><span  style=\"color:#000000 !important;background-color: !important;\" class=\"oic-email-mail-streamline clear small \" ><\/span><h5 style=\"color:#000000\">E-mailadres<\/h5>\r\n\t\t\t<\/div><div class=\"wpb_content_element left-cs title-with-icon-content small clearfix\" style=\"color:#000000\">info@orangerienormandie.com<\/div><\/div><div id=\"tile-with-icon_icon3\" class=\"title-with-icon-wrapper clear small \" data-color=\"\"  style=\"\">\r\n\t\t\t<div class=\"wpb_content_element title-with-icon clearfix margin-bottom-0 \"><span  style=\"color:#000000 !important;background-color: !important;\" class=\"oic-outlined-iconset-34 clear small \" ><\/span><h5 style=\"color:#000000\">Adres<\/h5>\r\n\t\t\t<\/div><div class=\"wpb_content_element left-cs title-with-icon-content small clearfix\" style=\"color:#000000\"><\/p>\n<div>Lieu dit Les Communs<\/div>\n<div>61210 La For\u00eat-Auvray<\/div>\n<div>Putanges-le-Lac<\/div>\n<p><\/div><\/div>[vc_separator]\n<div class=\"wpcf7 no-js\" id=\"wpcf7-f6930-o1\" lang=\"fr-FR\" dir=\"ltr\" data-wpcf7-id=\"6930\">\n<div class=\"screen-reader-response\"><p role=\"status\" aria-live=\"polite\" aria-atomic=\"true\"><\/p> <ul><\/ul><\/div>\n<form action=\"\/fr\/wp-json\/wp\/v2\/pages\/4092#wpcf7-f6930-o1\" method=\"post\" class=\"wpcf7-form init\" aria-label=\"Formulaire de contact\" novalidate=\"novalidate\" data-status=\"init\">\n<fieldset class=\"hidden-fields-container\"><input type=\"hidden\" name=\"_wpcf7\" value=\"6930\" \/><input type=\"hidden\" name=\"_wpcf7_version\" value=\"6.1.5\" \/><input type=\"hidden\" name=\"_wpcf7_locale\" value=\"fr_FR\" \/><input type=\"hidden\" name=\"_wpcf7_unit_tag\" value=\"wpcf7-f6930-o1\" \/><input type=\"hidden\" name=\"_wpcf7_container_post\" value=\"0\" \/><input type=\"hidden\" name=\"_wpcf7_posted_data_hash\" value=\"\" \/>\n<\/fieldset>\n<h4 class=\"sub-title\">Formulaire de contact\n<\/h4>\n<p><span class=\"wpcf7-form-control-wrap\" data-name=\"Naam\"><input size=\"40\" maxlength=\"400\" class=\"wpcf7-form-control wpcf7-text wpcf7-validates-as-required\" aria-required=\"true\" aria-invalid=\"false\" placeholder=\"Nom*\" value=\"\" type=\"text\" name=\"Naam\" \/><\/span><br \/>\n<span class=\"wpcf7-form-control-wrap\" data-name=\"E-mail\"><input size=\"40\" maxlength=\"400\" class=\"wpcf7-form-control wpcf7-email wpcf7-validates-as-required wpcf7-text wpcf7-validates-as-email\" aria-required=\"true\" aria-invalid=\"false\" placeholder=\"Adresse \u00e9lectronique*\" value=\"\" type=\"email\" name=\"E-mail\" \/><\/span><br \/>\n<span class=\"wpcf7-form-control-wrap\" data-name=\"Onderwerp\"><input size=\"40\" maxlength=\"400\" class=\"wpcf7-form-control wpcf7-text\" aria-invalid=\"false\" placeholder=\"Sujet\" value=\"\" type=\"text\" name=\"Onderwerp\" \/><\/span><br \/>\n<span class=\"wpcf7-form-control-wrap\" data-name=\"Bericht\"><textarea cols=\"40\" rows=\"10\" maxlength=\"2000\" class=\"wpcf7-form-control wpcf7-textarea wpcf7-validates-as-required\" aria-required=\"true\" aria-invalid=\"false\" placeholder=\"Message*\" name=\"Bericht\"><\/textarea><\/span><br \/>\n<span class=\"wpcf7-form-control-wrap\" data-name=\"Aantal\"><input size=\"40\" maxlength=\"400\" class=\"wpcf7-form-control wpcf7-text\" aria-invalid=\"false\" placeholder=\"Nombre de personnes*\" value=\"\" type=\"text\" name=\"Aantal\" \/><\/span><br \/>\n<span class=\"wpcf7-form-control-wrap\" data-name=\"quiz-815\"><label><span class=\"wpcf7-quiz-label\">Anti-spam* Hoeveel is 2 plus 3?<\/span> <input size=\"40\" class=\"wpcf7-form-control wpcf7-quiz\" autocomplete=\"off\" aria-required=\"true\" aria-invalid=\"false\" type=\"text\" name=\"quiz-815\" \/><\/label><input type=\"hidden\" name=\"_wpcf7_quiz_answer_quiz-815\" value=\"cacadb1926da7fc524a76e801a317cd8\" \/><\/span>\n<\/p>\n<div class=\"row\">\n\t<div class=\"submit-button\">\n\t\t<p><input class=\"wpcf7-form-control wpcf7-submit has-spinner\" type=\"submit\" value=\"Verzenden\" \/>\n\t\t<\/p>\n\t<\/div>\n<\/div><div class=\"wpcf7-response-output\" aria-hidden=\"true\"><\/div>\n<\/form>\n<\/div>\n[\/vc_column][\/vc_row][vc_row full_width=\u00a0\u00bbstretch_row\u00a0\u00bb content_placement=\u00a0\u00bbtop\u00a0\u00bb hue=\u00a0\u00bb#ff0000&Prime; hide_this_row=\u00a0\u00bbmobile\u00a0\u00bb css=\u00a0\u00bb.vc_custom_1657710984999{padding-top: 100px !important;padding-bottom: 100px !important;background: #e0e0e0 url(http:\/\/orangerienormandie.com.greenhostpreview.nl\/wp-content\/uploads\/2022\/07\/Drone-Lorangerie-Tuin-ruim-Normandie-retraite-huis-vakantie-bredrjjven-kopieren-scaled.jpg?id=2792) !important;background-position: center !important;background-repeat: no-repeat !important;background-size: cover !important;}\u00a0\u00bb][vc_column offset=\u00a0\u00bbvc_hidden-sm vc_hidden-xs\u00a0\u00bb][vc_row_inner equal_height=\u00a0\u00bbyes\u00a0\u00bb content_placement=\u00a0\u00bbtop\u00a0\u00bb css=\u00a0\u00bb.vc_custom_1657710043422{background-color: rgba(255,255,255,0.9) !important;*background-color: rgb(255,255,255) !important;}\u00a0\u00bb][vc_column_inner width=\u00a0\u00bb4\/12&Prime; css=\u00a0\u00bb.vc_custom_1657710101881{padding-top: 15% !important;padding-bottom: 15% !important;padding-left: 15% !important;}\u00a0\u00bb offset=\u00a0\u00bbvc_hidden-sm vc_hidden-xs\u00a0\u00bb]<div id=\"tile-with-icon_icon4\" class=\"title-with-icon-wrapper clear small \" data-color=\"\"  style=\"\">\r\n\t\t\t<div class=\"wpb_content_element title-with-icon clearfix margin-bottom-0 \"><span  style=\"color:#000000 !important;background-color: !important;\" class=\"oic-outlined-iconset-20 clear small \" ><\/span><h5 style=\"color:#000000\">Orangerie Normandie<\/h5>\r\n\t\t\t<\/div><div class=\"wpb_content_element left-cs title-with-icon-content small clearfix\" style=\"color:#000000\">Une r\u00e9servation \u00e0 l&rsquo;Orangerie o\u00f9 vous ne r\u00e9servez que la nuit\u00e9e et o\u00f9 vous prenez vos propres dispositions se fait via AirBnB : https:\/\/airbnb.com\/h\/orangerienormandie.<\/p>\n<p>Si vous souhaitez r\u00e9server un s\u00e9jour avec restauration ou activit\u00e9s organis\u00e9es, je vous invite \u00e0 remplir ce formulaire.<\/p>\n<p>Nous nous effor\u00e7ons de r\u00e9pondre \u00e0 la demande dans un d\u00e9lai de trois jours ouvrables. Comme nous travaillons avec diff\u00e9rents syst\u00e8mes de r\u00e9servation, une demande n&rsquo;est d\u00e9finitive qu&rsquo;apr\u00e8s confirmation de l&rsquo;Orangerie. Si vous avez d&rsquo;autres questions concernant les options ou l&rsquo;h\u00e9bergement, n&rsquo;h\u00e9sitez pas \u00e0 nous contacter \u00e9galement !<\/div><\/div><br \/>\n          <div id=\"tile-with-icon_icon5\" class=\"title-with-icon-wrapper clear small \" data-color=\"\"  style=\"\">\r\n\t\t\t<div class=\"wpb_content_element title-with-icon clearfix margin-bottom-0 \"><span  style=\"color:#000000 !important;background-color: !important;\" class=\"oic-email-mail-streamline clear small \" ><\/span><h5 style=\"color:#000000\">Adresse \u00e9lectronique<\/h5>\r\n\t\t\t<\/div><div class=\"wpb_content_element left-cs title-with-icon-content small clearfix\" style=\"color:#000000\">info@orangerienormandie.com<\/div><\/div><br \/>\n          <div id=\"tile-with-icon_icon6\" class=\"title-with-icon-wrapper clear small \" data-color=\"\"  style=\"\">\r\n\t\t\t<div class=\"wpb_content_element title-with-icon clearfix margin-bottom-0 \"><span  style=\"color:#000000 !important;background-color: !important;\" class=\"oic-outlined-iconset-34 clear small \" ><\/span><h5 style=\"color:#000000\">Adresse<\/h5>\r\n\t\t\t<\/div><div class=\"wpb_content_element left-cs title-with-icon-content small clearfix\" style=\"color:#000000\">\n            <\/p>\n<div>Lieu dit Les Communs<\/div>\n<div>348 Route de la Roche d&rsquo;Oetre<\/div>\n<div>61210 La For\u00eat-Auvray<\/div>\n<div>Putanges-le-Lac<\/div>\n<p>\n          <\/div><\/div>[\/vc_column_inner][vc_column_inner width=\u00a0\u00bb8\/12&Prime; css=\u00a0\u00bb.vc_custom_1657710217433{padding-top: 8% !important;padding-right: 8% !important;padding-bottom: 8% !important;padding-left: 8% !important;background-position: 0 0 !important;background-repeat: no-repeat !important;}\u00a0\u00bb offset=\u00a0\u00bbvc_hidden-sm vc_hidden-xs\u00a0\u00bb]\n<div class=\"wpcf7 no-js\" id=\"wpcf7-f6930-o2\" lang=\"fr-FR\" dir=\"ltr\" data-wpcf7-id=\"6930\">\n<div class=\"screen-reader-response\"><p role=\"status\" aria-live=\"polite\" aria-atomic=\"true\"><\/p> <ul><\/ul><\/div>\n<form action=\"\/fr\/wp-json\/wp\/v2\/pages\/4092#wpcf7-f6930-o2\" method=\"post\" class=\"wpcf7-form init\" aria-label=\"Formulaire de contact\" novalidate=\"novalidate\" data-status=\"init\">\n<fieldset class=\"hidden-fields-container\"><input type=\"hidden\" name=\"_wpcf7\" value=\"6930\" \/><input type=\"hidden\" name=\"_wpcf7_version\" value=\"6.1.5\" \/><input type=\"hidden\" name=\"_wpcf7_locale\" value=\"fr_FR\" \/><input type=\"hidden\" name=\"_wpcf7_unit_tag\" value=\"wpcf7-f6930-o2\" \/><input type=\"hidden\" name=\"_wpcf7_container_post\" value=\"0\" \/><input type=\"hidden\" name=\"_wpcf7_posted_data_hash\" value=\"\" \/>\n<\/fieldset>\n<h4 class=\"sub-title\">Formulaire de contact\n<\/h4>\n<p><span class=\"wpcf7-form-control-wrap\" data-name=\"Naam\"><input size=\"40\" maxlength=\"400\" class=\"wpcf7-form-control wpcf7-text wpcf7-validates-as-required\" aria-required=\"true\" aria-invalid=\"false\" placeholder=\"Nom*\" value=\"\" type=\"text\" name=\"Naam\" \/><\/span><br \/>\n<span class=\"wpcf7-form-control-wrap\" data-name=\"E-mail\"><input size=\"40\" maxlength=\"400\" class=\"wpcf7-form-control wpcf7-email wpcf7-validates-as-required wpcf7-text wpcf7-validates-as-email\" aria-required=\"true\" aria-invalid=\"false\" placeholder=\"Adresse \u00e9lectronique*\" value=\"\" type=\"email\" name=\"E-mail\" \/><\/span><br \/>\n<span class=\"wpcf7-form-control-wrap\" data-name=\"Onderwerp\"><input size=\"40\" maxlength=\"400\" class=\"wpcf7-form-control wpcf7-text\" aria-invalid=\"false\" placeholder=\"Sujet\" value=\"\" type=\"text\" name=\"Onderwerp\" \/><\/span><br \/>\n<span class=\"wpcf7-form-control-wrap\" data-name=\"Bericht\"><textarea cols=\"40\" rows=\"10\" maxlength=\"2000\" class=\"wpcf7-form-control wpcf7-textarea wpcf7-validates-as-required\" aria-required=\"true\" aria-invalid=\"false\" placeholder=\"Message*\" name=\"Bericht\"><\/textarea><\/span><br \/>\n<span class=\"wpcf7-form-control-wrap\" data-name=\"Aantal\"><input size=\"40\" maxlength=\"400\" class=\"wpcf7-form-control wpcf7-text\" aria-invalid=\"false\" placeholder=\"Nombre de personnes*\" value=\"\" type=\"text\" name=\"Aantal\" \/><\/span><br \/>\n<span class=\"wpcf7-form-control-wrap\" data-name=\"quiz-815\"><label><span class=\"wpcf7-quiz-label\">Anti-spam* Hoeveel is 2 plus 3?<\/span> <input size=\"40\" class=\"wpcf7-form-control wpcf7-quiz\" autocomplete=\"off\" aria-required=\"true\" aria-invalid=\"false\" type=\"text\" name=\"quiz-815\" \/><\/label><input type=\"hidden\" name=\"_wpcf7_quiz_answer_quiz-815\" value=\"cacadb1926da7fc524a76e801a317cd8\" \/><\/span>\n<\/p>\n<div class=\"row\">\n\t<div class=\"submit-button\">\n\t\t<p><input class=\"wpcf7-form-control wpcf7-submit has-spinner\" type=\"submit\" value=\"Verzenden\" \/>\n\t\t<\/p>\n\t<\/div>\n<\/div><div class=\"wpcf7-response-output\" aria-hidden=\"true\"><\/div>\n<\/form>\n<\/div>\n[\/vc_column_inner][\/vc_row_inner][vc_single_image image=\u00a0\u00bb2757&Prime; img_size=\u00a0\u00bb330&#215;330&Prime; alignment=\u00a0\u00bbright\u00a0\u00bb style=\u00a0\u00bbvc_box_circle_2&Prime; parallax_ratio=\u00a0\u00bb1&Prime; css=\u00a0\u00bb.vc_custom_1657710625360{margin-top: -220px !important;margin-left: 260px !important;}\u00a0\u00bb][\/vc_column][\/vc_row][vc_row full_width=\u00a0\u00bbstretch_row_content_no_spaces\u00a0\u00bb zero_padding_on_mobile=\u00a0\u00bbon\u00a0\u00bb zero_margin_on_mobile=\u00a0\u00bbon\u00a0\u00bb css=\u00a0\u00bb.vc_custom_1541421562424{margin-top: 0px !important;margin-bottom: 0px !important;padding-top: 0px !important;padding-bottom: 0px !important;}\u00a0\u00bb][vc_column css=\u00a0\u00bb.vc_custom_1669910827602{margin-top: 0px !important;margin-bottom: -20px !important;padding-top: 0px !important;padding-bottom: 0px !important;}\u00a0\u00bb][vc_single_image image=\u00a0\u00bb2755&Prime; img_size=\u00a0\u00bbfull\u00a0\u00bb onclick=\u00a0\u00bbcustom_link\u00a0\u00bb img_link_target=\u00a0\u00bb_blank\u00a0\u00bb parallax_ratio=\u00a0\u00bb1&Prime; link=\u00a0\u00bbhttps:\/\/www.google.nl\/maps\/place\/L&#039;Orangerie\/@48.8203047,-1.4618471,8z\/data=!4m5!3m4!1s0x480a189fbc54306b:0x277f5fc44dc2cd5d!8m2!3d48.8203012!4d-0.3412363&Prime;][\/vc_column][\/vc_row]<\/p>\n<\/div>","protected":false},"excerpt":{"rendered":"<p>[vc_row full_width=\u00a0\u00bbstretch_row\u00a0\u00bb full_height=\u00a0\u00bbyes\u00a0\u00bb zero_margin_on_mobile=\u00a0\u00bbon\u00a0\u00bb hue=\u00a0\u00bb#ff0000&Prime; hide_this_row=\u00a0\u00bbdesktop\u00a0\u00bb bg_slider_images=\u00a0\u00bb2733&Prime; css=\u00a0\u00bb.vc_custom_1657701383309{margin-top: 0px !important;margin-bottom: 0px !important;padding-top: 100px !important;padding-bottom: 50px !important;}\u00a0\u00bb][vc_column css=\u00a0\u00bb.vc_custom_1542133024582{margin-bottom: 0px !important;padding-bottom: 0px !important;}\u00a0\u00bb offset=\u00a0\u00bbvc_hidden-lg vc_hidden-md\u00a0\u00bb][vc_custom_heading text=\u00a0\u00bbContact\u00a0\u00bb font_container=\u00a0\u00bbtag:h2|text_align:center|color:%23ffffff\u00a0\u00bb use_theme_fonts=\u00a0\u00bbyes\u00a0\u00bb][vc_empty_space height=\u00a0\u00bb50px\u00a0\u00bb][vc_separator][\/vc_column][\/vc_row][vc_row full_width=\u00a0\u00bbstretch_row\u00a0\u00bb content_placement=\u00a0\u00bbtop\u00a0\u00bb hue=\u00a0\u00bb#ff0000&Prime; [&hellip;]<\/p>\n","protected":false},"author":1,"featured_media":0,"parent":0,"menu_order":0,"comment_status":"closed","ping_status":"closed","template":"","meta":{"footnotes":""},"class_list":["post-4092","page","type-page","status-publish","hentry",null],"_links":{"self":[{"href":"https:\/\/orangerienormandie.com\/fr\/wp-json\/wp\/v2\/pages\/4092","targetHints":{"allow":["GET"]}}],"collection":[{"href":"https:\/\/orangerienormandie.com\/fr\/wp-json\/wp\/v2\/pages"}],"about":[{"href":"https:\/\/orangerienormandie.com\/fr\/wp-json\/wp\/v2\/types\/page"}],"author":[{"embeddable":true,"href":"https:\/\/orangerienormandie.com\/fr\/wp-json\/wp\/v2\/users\/1"}],"replies":[{"embeddable":true,"href":"https:\/\/orangerienormandie.com\/fr\/wp-json\/wp\/v2\/comments?post=4092"}],"version-history":[{"count":20,"href":"https:\/\/orangerienormandie.com\/fr\/wp-json\/wp\/v2\/pages\/4092\/revisions"}],"predecessor-version":[{"id":7365,"href":"https:\/\/orangerienormandie.com\/fr\/wp-json\/wp\/v2\/pages\/4092\/revisions\/7365"}],"wp:attachment":[{"href":"https:\/\/orangerienormandie.com\/fr\/wp-json\/wp\/v2\/media?parent=4092"}],"curies":[{"name":"wp","href":"https:\/\/api.w.org\/{rel}","templated":true}]}}