{"id":4118,"date":"2018-10-08T18:38:45","date_gmt":"2018-10-08T16:38:45","guid":{"rendered":"http:\/\/orangerienormandie.com.greenhostpreview.nl\/offres\/"},"modified":"2022-12-19T16:41:54","modified_gmt":"2022-12-19T15:41:54","slug":"offres","status":"publish","type":"page","link":"https:\/\/orangerienormandie.com\/fr\/offres\/","title":{"rendered":"OFFRES"},"content":{"rendered":"<div class=\"wpb-content-wrapper\"><p>[vc_row css=\u00a0\u00bb.vc_custom_1539028483589{margin-top: 0px !important;margin-bottom: 0px !important;padding-top: 150px !important;padding-bottom: 60px !important;}\u00a0\u00bb][vc_column][vc_custom_heading text=\u00a0\u00bbOffres sp\u00e9ciales\u00a0\u00bb font_container=\u00a0\u00bbtag:h1|text_align:center\u00a0\u00bb use_theme_fonts=\u00a0\u00bbyes\u00a0\u00bb][vc_custom_heading text=\u00a0\u00bbD\u00e9couvrez Sunway comme un local\u00a0\u00bb font_container=\u00a0\u00bbtag:h5|text_align:center|color:%23c59d5f\u00a0\u00bb google_fonts=\u00a0\u00bbfont_family:Playfair%20Display%3Aregular%2Citalic%2C700%2C700italic%2C900%2C900italic|font_style:400%20italic%3A400%3Aitalic\u00a0\u00bb][\/vc_column][\/vc_row][vc_row][vc_column width=\u00a0\u00bb1\/2&Prime;]<div class=\"ozy-call-to-action-box \" style=\"height:height:500px\"><div class=\"shadow-wrapper\"><\/div><div class=\"overlay-wrapper\"><i class=\"oic-sunway1-052-double-bed\"><\/i><h2>Exclusive Seasonal Offer<\/h2><span class=\"shared-border-color\"><\/span><a href=\"#\" target=\"_self\">BOOK THIS OFFER \u2192<\/a><\/div><\/div>[vc_column_text css=\u00a0\u00bb.vc_custom_1539028145604{margin-top: 30px !important;}\u00a0\u00bb]R\u00e9servez votre s\u00e9jour dans l&rsquo;une de nos <u>Junior Suites avec vue sur la mer<\/u> et profitez de notre offre jusqu&rsquo;\u00e0 50% !<\/p>\n<p><strong>Cette offre comprend :<\/strong><\/p>\n<ul>\n<li>Planches \u00e0 roulettes pr\u00eates \u00e0 l&#8217;emploi flexibles, mlkshk pug roof party cray<\/li>\n<li>Chambray kitsch lyft enfer de.<\/li>\n<li>Cronut Marfa thundercats, leggings stumptown butcher.<\/li>\n<\/ul>\n<p>[\/vc_column_text][\/vc_column][vc_column width=\u00a0\u00bb1\/2&Prime;]<div class=\"ozy-call-to-action-box \" style=\"height:height:500px\"><div class=\"shadow-wrapper\"><\/div><div class=\"overlay-wrapper\"><i class=\"oic-sunway1-014-swimming-pool\"><\/i><h2>Stay Longer, Save More<\/h2><span class=\"shared-border-color\"><\/span><a href=\"#\" target=\"_self\">BOOK THIS OFFER \u2192<\/a><\/div><\/div>[vc_column_text css=\u00a0\u00bb.vc_custom_1539028868068{margin-top: 30px !important;}\u00a0\u00bb]- Restez plus longtemps et \u00e9conomisez jusqu&rsquo;\u00e0 20% pour 3 nuits et plus<br \/>\n&#8211; R\u00e9servation obligatoire 3 jours \u00e0 l&rsquo;avance[\/vc_column_text][\/vc_column][\/vc_row][vc_row css=\u00a0\u00bb.vc_custom_1539029171857{margin-top: 40px !important;margin-bottom: 40px !important;}\u00a0\u00bb][vc_column][vc_separator][\/vc_column][\/vc_row][vc_row css=\u00a0\u00bb.vc_custom_1543003587189{margin-bottom: 0px !important;padding-bottom: 0px !important;}\u00a0\u00bb][vc_column width=\u00a0\u00bb1\/2&Prime;]<div class=\"ozy-call-to-action-box \" style=\"height:height:500px\"><div class=\"shadow-wrapper\"><\/div><div class=\"overlay-wrapper\"><i class=\"oic-sunway2-002-bell\"><\/i><h2>Book Early &amp; Save<\/h2><span class=\"shared-border-color\"><\/span><a href=\"#\" target=\"_self\">BOOK THIS OFFER \u2192<\/a><\/div><\/div>[vc_column_text css=\u00a0\u00bb.vc_custom_1539029020314{margin-top: 30px !important;}\u00a0\u00bb]Vous cherchez \u00e0 optimiser vos d\u00e9penses de voyage ? Profitez d&rsquo;\u00e9conomies sp\u00e9ciales en r\u00e9servant t\u00f4t et en achetant votre s\u00e9jour \u00e0 l&rsquo;avance. La r\u00e9servation n\u00e9cessite le pr\u00e9paiement de la totalit\u00e9 du s\u00e9jour au moment de la r\u00e9servation, et n&rsquo;est pas remboursable. Le paiement est d\u00e9bit\u00e9 sur votre carte de cr\u00e9dit entre le moment de la r\u00e9servation et le jour de l&rsquo;arriv\u00e9e.[\/vc_column_text][\/vc_column][vc_column width=\u00a0\u00bb1\/2&Prime;]<div class=\"ozy-call-to-action-box \" style=\"height:height:500px\"><div class=\"shadow-wrapper\"><\/div><div class=\"overlay-wrapper\"><i class=\"oic-sunway4-010-goggle\"><\/i><h2>1000 Bonus IHG Rewards Points<\/h2><span class=\"shared-border-color\"><\/span><a href=\"#\" target=\"_self\">BOOK THIS OFFER \u2192<\/a><\/div><\/div>[vc_column_text css=\u00a0\u00bb.vc_custom_1539029084091{margin-top: 30px !important;}\u00a0\u00bb]Comprend la chambre et 1000 points bonus du rewards club par nuit si vous collectionnez des Miles avec les compagnies a\u00e9riennes participantes ; les points se convertissent en Miles. La prime sera vers\u00e9e par voie \u00e9lectronique.[\/vc_column_text][\/vc_column][\/vc_row][vc_row full_width=\u00a0\u00bbstretch_row_content_no_spaces\u00a0\u00bb css=\u00a0\u00bb.vc_custom_1539029288399{margin-top: 0px !important;margin-bottom: 0px !important;padding-top: 0px !important;padding-bottom: 0px !important;}\u00a0\u00bb][vc_column]<div class=\"ozy-page_navigator heading-font-family\"><a href=\"https:\/\/sunway.freevision.me\/pages\/hotel-experiences\/\"  target=\"_self\"><span><span>Next page<\/span><span>Hotel Experiences<\/span><span>Click to see<\/span><\/span><\/a><\/div>[\/vc_column][\/vc_row]<\/p>\n<\/div>","protected":false},"excerpt":{"rendered":"<p>[vc_row css=\u00a0\u00bb.vc_custom_1539028483589{margin-top: 0px !important;margin-bottom: 0px !important;padding-top: 150px !important;padding-bottom: 60px !important;}\u00a0\u00bb][vc_column][vc_custom_heading text=\u00a0\u00bbOffres sp\u00e9ciales\u00a0\u00bb font_container=\u00a0\u00bbtag:h1|text_align:center\u00a0\u00bb use_theme_fonts=\u00a0\u00bbyes\u00a0\u00bb][vc_custom_heading text=\u00a0\u00bbD\u00e9couvrez Sunway comme un local\u00a0\u00bb font_container=\u00a0\u00bbtag:h5|text_align:center|color:%23c59d5f\u00a0\u00bb google_fonts=\u00a0\u00bbfont_family:Playfair%20Display%3Aregular%2Citalic%2C700%2C700italic%2C900%2C900italic|font_style:400%20italic%3A400%3Aitalic\u00a0\u00bb][\/vc_column][\/vc_row][vc_row][vc_column width=\u00a0\u00bb1\/2&Prime;][vc_column_text css=\u00a0\u00bb.vc_custom_1539028145604{margin-top: 30px !important;}\u00a0\u00bb]R\u00e9servez votre s\u00e9jour dans l&rsquo;une de [&hellip;]<\/p>\n","protected":false},"author":1,"featured_media":0,"parent":0,"menu_order":0,"comment_status":"closed","ping_status":"closed","template":"","meta":{"footnotes":""},"class_list":["post-4118","page","type-page","status-publish","hentry",null],"_links":{"self":[{"href":"https:\/\/orangerienormandie.com\/fr\/wp-json\/wp\/v2\/pages\/4118","targetHints":{"allow":["GET"]}}],"collection":[{"href":"https:\/\/orangerienormandie.com\/fr\/wp-json\/wp\/v2\/pages"}],"about":[{"href":"https:\/\/orangerienormandie.com\/fr\/wp-json\/wp\/v2\/types\/page"}],"author":[{"embeddable":true,"href":"https:\/\/orangerienormandie.com\/fr\/wp-json\/wp\/v2\/users\/1"}],"replies":[{"embeddable":true,"href":"https:\/\/orangerienormandie.com\/fr\/wp-json\/wp\/v2\/comments?post=4118"}],"version-history":[{"count":3,"href":"https:\/\/orangerienormandie.com\/fr\/wp-json\/wp\/v2\/pages\/4118\/revisions"}],"predecessor-version":[{"id":4129,"href":"https:\/\/orangerienormandie.com\/fr\/wp-json\/wp\/v2\/pages\/4118\/revisions\/4129"}],"wp:attachment":[{"href":"https:\/\/orangerienormandie.com\/fr\/wp-json\/wp\/v2\/media?parent=4118"}],"curies":[{"name":"wp","href":"https:\/\/api.w.org\/{rel}","templated":true}]}}