{"id":4146,"date":"2018-10-07T17:37:14","date_gmt":"2018-10-07T15:37:14","guid":{"rendered":"http:\/\/orangerienormandie.com.greenhostpreview.nl\/gastronomie\/"},"modified":"2023-08-14T13:10:32","modified_gmt":"2023-08-14T11:10:32","slug":"gastronomie","status":"publish","type":"page","link":"https:\/\/orangerienormandie.com\/fr\/gastronomie\/","title":{"rendered":"GASTRONOMIE"},"content":{"rendered":"<div class=\"wpb-content-wrapper\"><p>[vc_row hue=\u00a0\u00bb#ff0000&Prime; css=\u00a0\u00bb.vc_custom_1656322247499{margin-top: 0px !important;margin-bottom: 0px !important;padding-top: 100px !important;padding-bottom: 100px !important;background-position: 0 0 !important;background-repeat: no-repeat !important;}\u00a0\u00bb][vc_column width=\u00a0\u00bb2\/3&Prime; zero_padding_on_mobile=\u00a0\u00bbon\u00a0\u00bb zero_margin_on_mobile=\u00a0\u00bbon\u00a0\u00bb css=\u00a0\u00bb.vc_custom_1656322241718{padding-right: 10% !important;padding-left: 10% !important;}\u00a0\u00bb][vc_custom_heading text=\u00a0\u00bb\u00caTRE ENSEMBLE ET MANGER DE LA BONNE NOURRITURE ENSEMBLE\u00a0\u00bb font_container=\u00a0\u00bbtag:p|text_align:center|color:%233e6d96&Prime; use_theme_fonts=\u00a0\u00bbyes\u00a0\u00bb][vc_custom_heading text=\u00a0\u00bbDu buffet du petit-d\u00e9jeuner ou un plateau de fromages normands\u00a0\u00bb font_container=\u00a0\u00bbtag:h2|text_align:center|color:%23ffffff\u00a0\u00bb use_theme_fonts=\u00a0\u00bbyes\u00a0\u00bb css=\u00a0\u00bb.vc_custom_1669737402014{margin-bottom: -90px !important;border-bottom-width: 2px !important;border-bottom-color: #0a0a0a !important;border-bottom-style: solid !important;}\u00a0\u00bb][vc_custom_heading text=\u00a0\u00bbDu buffet du petit-d\u00e9jeuner ou un plateau de fromages normands\u00a0\u00bb font_container=\u00a0\u00bbtag:h2|text_align:center|color:%23000000&Prime; use_theme_fonts=\u00a0\u00bbyes\u00a0\u00bb css=\u00a0\u00bb.vc_custom_1669737409019{margin-right: 15% !important;margin-bottom: 20px !important;margin-left: 15% !important;padding-right: 5% !important;padding-left: 5% !important;background-color: #ffffff !important;}\u00a0\u00bb][vc_custom_heading text=\u00a0\u00bb\u00catre ensemble et manger de bons plats ensemble sont presque ins\u00e9parables. Mais il n&apos;est pas toujours facile de faire les courses et de pr\u00e9parer les repas pour un grand groupe, surtout si vous souhaitez \u00e9galement passer des vacances, travailler ensemble ou organiser un programme de cours dans l&apos;intervalle.<br \/>\nLorsque j&apos;ai vu L&apos;Orangerie pour la premi\u00e8re fois, j&apos;ai imm\u00e9diatement vu les possibilit\u00e9s de cuisiner et de manger ensemble pour de grands groupes. ET pour moi de m&apos;occuper de cette nourriture. C&apos;est pourquoi je propose diff\u00e9rents forfaits.<\/p>\n<p>Si vous pr\u00e9f\u00e9rez des vacances sans services suppl\u00e9mentaires, r\u00e9servez par AirBnB &#8211; via ce lien : https:\/\/airbnb.com\/h\/orangerienormandie.\u00a0\u00bb font_container=\u00a0\u00bbtag:p|text_align:center|color:%23000000&Prime; use_theme_fonts=\u00a0\u00bbyes\u00a0\u00bb css=\u00a0\u00bb.vc_custom_1670423504104{margin-top: 0px !important;padding-top: 0px !important;}\u00a0\u00bb][\/vc_column][vc_column parallax=\u00a0\u00bbcontent-moving\u00a0\u00bb width=\u00a0\u00bb1\/3&Prime;][vc_empty_space height=\u00a0\u00bb40px\u00a0\u00bb][vc_single_image image=\u00a0\u00bb2027&Prime; img_size=\u00a0\u00bbmedium\u00a0\u00bb alignment=\u00a0\u00bbcenter\u00a0\u00bb css_animation=\u00a0\u00bbfadeIn\u00a0\u00bb parallax_ratio=\u00a0\u00bb0&Prime;][\/vc_column][\/vc_row][vc_row full_width=\u00a0\u00bbstretch_row_content_no_spaces\u00a0\u00bb content_placement=\u00a0\u00bbmiddle\u00a0\u00bb css=\u00a0\u00bb.vc_custom_1538936526141{margin-top: 0px !important;margin-bottom: 0px !important;padding-top: 0px !important;padding-bottom: 0px !important;background-color: #fffafa !important;}\u00a0\u00bb][vc_column width=\u00a0\u00bb1\/2&Prime; css=\u00a0\u00bb.vc_custom_1538936459100{margin-top: 0px !important;margin-bottom: 0px !important;padding-top: 0px !important;padding-bottom: 0px !important;}\u00a0\u00bb][vc_single_image image=\u00a0\u00bb2643&Prime; img_size=\u00a0\u00bbfull\u00a0\u00bb alignment=\u00a0\u00bbcenter\u00a0\u00bb parallax_ratio=\u00a0\u00bb1.0&Prime; css=\u00a0\u00bb.vc_custom_1669736848243{margin-top: 0px !important;margin-bottom: 0px !important;padding-top: 0px !important;padding-bottom: 0px !important;}\u00a0\u00bb][\/vc_column][vc_column width=\u00a0\u00bb1\/2&Prime; zero_padding_on_mobile=\u00a0\u00bbon\u00a0\u00bb zero_margin_on_mobile=\u00a0\u00bbon\u00a0\u00bb css=\u00a0\u00bb.vc_custom_1538936205115{padding-right: 15% !important;padding-left: 15% !important;}\u00a0\u00bb][vc_column_text]<\/p>\n<h2 style=\"text-align: center;\">M\u00e9thodologie<\/h2>\n<p><span data-contrast=\"auto\">Les forfaits peuvent inclure diff\u00e9rents repas. Vous pouvez choisir d&rsquo;\u00eatre enti\u00e8rement pris en charge chaque jour. Ou, par exemple, qu&rsquo;un repas ne sera pr\u00eat que le jour de l&rsquo;arriv\u00e9e.  <\/span><span data-ccp-props=\"{\"201341983\":0,\"335559739\":160,\"335559740\":259}\"> <\/span><\/p>\n<p><span data-contrast=\"auto\">Ou encore, imaginez que pour l&rsquo;anniversaire de grand-m\u00e8re ou l&rsquo;anniversaire de mariage de vos parents, un banquet complet soit pr\u00e9par\u00e9 pour tout le groupe, de sorte que personne ne doive quitter la table pour pr\u00e9parer les plats dans la cuisine. Je suis heureux de vous d\u00e9barrasser de \u00e7a.<\/span><span data-ccp-props=\"{\"201341983\":0,\"335559739\":160,\"335559740\":259}\"> <\/span><\/p>\n<h4><span data-contrast=\"auto\">Qu&rsquo;y aura-t-il sur la table ?  <\/span><span data-ccp-props=\"{\"201341983\":0,\"335559739\":160,\"335559740\":259}\"> <\/span><\/h4>\n<p><span data-contrast=\"auto\">J&rsquo;essaie de cuisiner au rythme des saisons autant que possible et  <\/span><span data-ccp-props=\"{\"201341983\":0,\"335559739\":160,\"335559740\":259}\">en faire le plus possible soi-m\u00eame. J&rsquo;aime \u00e9galement travailler avec des fournisseurs locaux. Dans la mesure du possible, je choisis des produits biologiques.  <\/span><\/p>\n<p>De nombreux plats sont possibles en consultation.<\/p>\n<p><span data-contrast=\"auto\">Je suis heureux de tenir compte des souhaits et des allergies. J&rsquo;\u00e9prouve une grande satisfaction \u00e0 cuisiner pour tout le groupe de mani\u00e8re \u00e0 ce que tout le monde puisse manger, sans que personne ne remarque qu&rsquo;une pr\u00e9f\u00e9rence ou une allergie a \u00e9t\u00e9 prise en compte !  <\/span><span data-ccp-props=\"{\"201341983\":0,\"335559739\":160,\"335559740\":259}\"> <\/span>[\/vc_column_text]<span  id=\"wofcb-1\" class=\"ozy-custom_button_w\"><a id=\"ofcb-1\" style=\"--data-bordercolor:#c59d5f\" class=\"ozy-custom_button ocbtn-0\"  href=\"\/contact\"  target=\"_self\" >CONTACT<\/a><\/span>[vc_custom_heading text=\u00a0\u00bbGastronomie Orangerie : Hospitalier et pratique !\u00a0\u00bb font_container=\u00a0\u00bbtag:h6|text_align:center|color:%232f2b2c\u00a0\u00bb google_fonts=\u00a0\u00bbfont_family:Playfair%20Display%3Aregular%2Citalic%2C700%2C700italic%2C900%2C900italic|font_style:400%20italic%3A400%3Aitalic\u00a0\u00bb css=\u00a0\u00bb.vc_custom_1671713199713{padding-bottom: 30px !important;}\u00a0\u00bb][\/vc_column][\/vc_row][vc_row css=\u00a0\u00bb.vc_custom_1538939629309{margin-top: 0px !important;margin-bottom: 0px !important;padding-top: 100px !important;padding-bottom: 60px !important;}\u00a0\u00bb][vc_column][vc_custom_heading text=\u00a0\u00bbPackages\u00a0\u00bb font_container=\u00a0\u00bbtag:h2|text_align:center\u00a0\u00bb use_theme_fonts=\u00a0\u00bbyes\u00a0\u00bb][\/vc_column][\/vc_row][vc_row full_width=\u00a0\u00bbstretch_row\u00a0\u00bb css=\u00a0\u00bb.vc_custom_1519631129918{margin-top: 0px !important;margin-bottom: 0px !important;padding-top: 50px !important;padding-bottom: 50px !important;}\u00a0\u00bb][vc_column]\n<div class=\"ozy-image_with_featured_content style-overlapped shadow-none  content_right   vc_custom_1671713529167\" style=\"min-height:740px\">\n<div><div class=\"ozy-background-cycler\"><div class=\"active\" style=\"background-image:url(https:\/\/orangerienormandie.com\/wp-content\/uploads\/2022\/11\/Catering-Orangerie-Normandie-verblijf-zakelijk-retreates-familie-vakantiewoning-landhuis-woonboerderij-08.jpg)\"><img decoding=\"async\" src=\"https:\/\/orangerienormandie.com\/wp-content\/uploads\/2022\/11\/Catering-Orangerie-Normandie-verblijf-zakelijk-retreates-familie-vakantiewoning-landhuis-woonboerderij-08.jpg\" style=\"width:100%;height:100%;visibility:hidden;z-index:-1;\"\/><\/div><div class=\"\" style=\"background-image:url(https:\/\/orangerienormandie.com\/wp-content\/uploads\/2022\/11\/Catering-Orangerie-Normandie-verblijf-zakelijk-retreates-familie-vakantiewoning-landhuis-woonboerderij-07.jpg)\"><img decoding=\"async\" src=\"https:\/\/orangerienormandie.com\/wp-content\/uploads\/2022\/11\/Catering-Orangerie-Normandie-verblijf-zakelijk-retreates-familie-vakantiewoning-landhuis-woonboerderij-07.jpg\" style=\"width:100%;height:100%;visibility:hidden;z-index:-1;\"\/><\/div><div class=\"\" style=\"background-image:url(https:\/\/orangerienormandie.com\/wp-content\/uploads\/2022\/12\/Catering-Orangerie-Normandie-verblijf-zakelijk-retreates-familie-vakantiewoning-landhuis-woonboerderij-03.jpg)\"><img decoding=\"async\" src=\"https:\/\/orangerienormandie.com\/wp-content\/uploads\/2022\/12\/Catering-Orangerie-Normandie-verblijf-zakelijk-retreates-familie-vakantiewoning-landhuis-woonboerderij-03.jpg\" style=\"width:100%;height:100%;visibility:hidden;z-index:-1;\"\/><\/div><div class=\"\" style=\"background-image:url(https:\/\/orangerienormandie.com\/wp-content\/uploads\/2022\/12\/Catering-Orangerie-Normandie-verblijf-zakelijk-retreates-familie-vakantiewoning-landhuis-woonboerderij-05.jpg)\"><img decoding=\"async\" src=\"https:\/\/orangerienormandie.com\/wp-content\/uploads\/2022\/12\/Catering-Orangerie-Normandie-verblijf-zakelijk-retreates-familie-vakantiewoning-landhuis-woonboerderij-05.jpg\" style=\"width:100%;height:100%;visibility:hidden;z-index:-1;\"\/><\/div><\/div><\/div><div class=\"has-bg-color\" style=\"background-color:#80b7de;\" >[vc_custom_heading text=\u00a0\u00bbUn jour vif de printemps\u00a0\u00bb font_container=\u00a0\u00bbtag:h4|text_align:left|color:%23ffffff\u00a0\u00bb use_theme_fonts=\u00a0\u00bbyes\u00a0\u00bb][vc_column_text el_class=\u00a0\u00bbwittetekst\u00a0\u00bb]<span data-contrast=\"auto\"><strong>Petit-d\u00e9jeuner buffet<\/strong>:<\/span><span data-ccp-props=\"{\"201341983\":0,\"335559739\":160,\"335559740\":259}\"> <\/span><span data-contrast=\"auto\">Granola maison avec fraises et hangop, \u0153ufs de diff\u00e9rentes fa\u00e7ons, croissants, confitures maison, charcuterie. Caf\u00e9 et th\u00e9.<\/span><span data-ccp-props=\"{\"201341983\":0,\"335559739\":160,\"335559740\":259}\"> <\/span><\/p>\n<p><span data-contrast=\"auto\"><strong>L&rsquo;heure du caf\u00e9<\/strong>:<\/span><span data-ccp-props=\"{\"201341983\":0,\"335559739\":160,\"335559740\":259}\"> <\/span><span data-contrast=\"auto\">Caf\u00e9 avec un assortiment de biscuits<\/span><span data-ccp-props=\"{\"201341983\":0,\"335559739\":160,\"335559740\":259}\"> <\/span><\/p>\n<p><span data-contrast=\"auto\"><strong>D\u00e9jeuner<\/strong>:<\/span><span data-ccp-props=\"{\"201341983\":0,\"335559739\":160,\"335559740\":259}\"> <\/span><span data-contrast=\"auto\">Beignets de chou-fleur au jambon fum\u00e9<\/span><span data-ccp-props=\"{\"201341983\":0,\"335559739\":160,\"335559740\":259}\"> | <\/span><span data-contrast=\"auto\">Quiche Lorraine avec salade d&rsquo;\u00e9pinards<\/span><span data-ccp-props=\"{\"201341983\":0,\"335559739\":160,\"335559740\":259}\"> | <\/span><span data-contrast=\"auto\">Glaces esquimaux \u00e0 la vanille et \u00e0 la fraise <\/span> <span data-ccp-props=\"{\"201341983\":0,\"335559739\":160,\"335559740\":259}\"> <\/span><\/p>\n<p><span data-contrast=\"auto\"><strong>Gouter<\/strong>:<\/span><span data-ccp-props=\"{\"201341983\":0,\"335559739\":160,\"335559740\":259}\"> <\/span><span data-contrast=\"auto\">\u00c9clairs au chocolat avec caf\u00e9 et th\u00e9<\/span><span data-ccp-props=\"{\"201341983\":0,\"335559739\":160,\"335559740\":259}\"> <\/span><\/p>\n<p><span data-contrast=\"auto\"><strong>D\u00eener<\/strong>:<\/span><span data-ccp-props=\"{\"201341983\":0,\"335559739\":160,\"335559740\":259}\"> <\/span><span data-contrast=\"auto\">Minestrone aux l\u00e9gumes de printemps<\/span><span data-ccp-props=\"{\"201341983\":0,\"335559739\":160,\"335559740\":259}\"> | <\/span><span data-contrast=\"auto\">Poisson rouge aux asperges | <\/span><span data-contrast=\"auto\">Camembert |<\/span><\/p>\n<p><span data-contrast=\"auto\"><strong>Dessert<\/strong>: Nougat glac\u00e9 \u00e0 la pistache et \u00e0 la framboise<\/span><span data-ccp-props=\"{\"201341983\":0,\"335559739\":160,\"335559740\":259}\"> <\/span>[\/vc_column_text][vc_column_text css=\u00a0\u00bb.vc_custom_1671730528816{margin-top: 10px !important;margin-bottom: 5px !important;border-top-width: 1px !important;border-right-width: 1px !important;border-bottom-width: 1px !important;border-left-width: 1px !important;padding-top: 5px !important;padding-right: 10px !important;padding-bottom: 5px !important;padding-left: 10px !important;border-left-color: #ffffff !important;border-left-style: solid !important;border-right-color: #ffffff !important;border-right-style: solid !important;border-top-color: #ffffff !important;border-top-style: solid !important;border-bottom-color: #ffffff !important;border-bottom-style: solid !important;}\u00a0\u00bb el_class=\u00a0\u00bbwittetekst\u00a0\u00bb]Prix sur demande[\/vc_column_text]<\/div><\/div>[\/vc_column][\/vc_row][vc_row full_width=\u00a0\u00bbstretch_row\u00a0\u00bb css=\u00a0\u00bb.vc_custom_1519631129918{margin-top: 0px !important;margin-bottom: 0px !important;padding-top: 50px !important;padding-bottom: 50px !important;}\u00a0\u00bb][vc_column]\n<div class=\"ozy-image_with_featured_content style-overlapped shadow-none  content_left   vc_custom_1671711394791\" style=\"min-height:640px\">\n<div><div class=\"ozy-background-cycler\"><div class=\"active\" style=\"background-image:url(https:\/\/orangerienormandie.com\/wp-content\/uploads\/2022\/11\/Catering-Orangerie-Normandie-verblijf-zakelijk-retreates-familie-vakantiewoning-landhuis-woonboerderij-06.jpg)\"><img decoding=\"async\" src=\"https:\/\/orangerienormandie.com\/wp-content\/uploads\/2022\/11\/Catering-Orangerie-Normandie-verblijf-zakelijk-retreates-familie-vakantiewoning-landhuis-woonboerderij-06.jpg\" style=\"width:100%;height:100%;visibility:hidden;z-index:-1;\"\/><\/div><div class=\"\" style=\"background-image:url(https:\/\/orangerienormandie.com\/wp-content\/uploads\/2022\/12\/P9250064-scaled.jpg)\"><img decoding=\"async\" src=\"https:\/\/orangerienormandie.com\/wp-content\/uploads\/2022\/12\/P9250064-scaled.jpg\" style=\"width:100%;height:100%;visibility:hidden;z-index:-1;\"\/><\/div><\/div><\/div><div class=\"has-bg-color\" style=\"background-color:#aec6b3;\" >[vc_custom_heading text=\u00a0\u00bbExemple d&apos;arrangement Printemps 2023&Prime; font_container=\u00a0\u00bbtag:h4|text_align:left|color:%23ffffff\u00a0\u00bb use_theme_fonts=\u00a0\u00bbyes\u00a0\u00bb][vc_column_text el_class=\u00a0\u00bbwittetekst\u00a0\u00bb]<span data-contrast=\"auto\">14 personnes sont enti\u00e8rement prises en charge.  <\/span><\/p>\n<p>          <span data-contrast=\"auto\">25 avril 2023 : d\u00eener d&rsquo;arriv\u00e9e<\/span><br \/>\n          <span data-ccp-props=\"{\"201341983\":0,\"335559739\":160,\"335559740\":259}\"> <\/span><\/p>\n<p>          <span data-contrast=\"auto\">26 avril 2023 : 1er jour du printemps<\/span><br \/>\n          <span data-ccp-props=\"{\"201341983\":0,\"335559739\":160,\"335559740\":259}\"> <\/span><\/p>\n<p>          <span data-contrast=\"auto\">27 avril 2023 : Jour du printemps 2<\/span><br \/>\n          <span data-ccp-props=\"{\"201341983\":0,\"335559739\":160,\"335559740\":259}\"> <\/span><\/p>\n<p>          <span data-contrast=\"auto\">28 avril 2023 : Petit-d\u00e9jeuner buffet<\/span><br \/>\n          <span data-ccp-props=\"{\"201341983\":0,\"335559739\":160,\"335559740\":259}\"> <\/span>[\/vc_column_text][vc_column_text css=\u00a0\u00bb.vc_custom_1671730543520{margin-top: 10px !important;margin-bottom: 5px !important;border-top-width: 1px !important;border-right-width: 1px !important;border-bottom-width: 1px !important;border-left-width: 1px !important;padding-top: 5px !important;padding-right: 10px !important;padding-bottom: 5px !important;padding-left: 10px !important;border-left-color: #ffffff !important;border-left-style: solid !important;border-right-color: #ffffff !important;border-right-style: solid !important;border-top-color: #ffffff !important;border-top-style: solid !important;border-bottom-color: #ffffff !important;border-bottom-style: solid !important;}\u00a0\u00bb el_class=\u00a0\u00bbwittetekst\u00a0\u00bb]Prix sur demande[\/vc_column_text]<\/div><\/div>[\/vc_column][\/vc_row][vc_row full_width=\u00a0\u00bbstretch_row\u00a0\u00bb css=\u00a0\u00bb.vc_custom_1519631129918{margin-top: 0px !important;margin-bottom: 0px !important;padding-top: 50px !important;padding-bottom: 50px !important;}\u00a0\u00bb][vc_column]\n<div class=\"ozy-image_with_featured_content style-overlapped shadow-none  content_right   vc_custom_1673707319755\" style=\"min-height:640px\">\n<div><div class=\"ozy-background-cycler\"><div class=\"active\" style=\"background-image:url(https:\/\/orangerienormandie.com\/wp-content\/uploads\/2022\/12\/P9250063-scaled-e1670529620503.jpg)\"><img decoding=\"async\" src=\"https:\/\/orangerienormandie.com\/wp-content\/uploads\/2022\/12\/P9250063-scaled-e1670529620503.jpg\" style=\"width:100%;height:100%;visibility:hidden;z-index:-1;\"\/><\/div><div class=\"\" style=\"background-image:url(https:\/\/orangerienormandie.com\/wp-content\/uploads\/2022\/12\/cambodja-657-scaled.jpg)\"><img decoding=\"async\" src=\"https:\/\/orangerienormandie.com\/wp-content\/uploads\/2022\/12\/cambodja-657-scaled.jpg\" style=\"width:100%;height:100%;visibility:hidden;z-index:-1;\"\/><\/div><div class=\"\" style=\"background-image:url(https:\/\/orangerienormandie.com\/wp-content\/uploads\/2022\/12\/P9250064-scaled.jpg)\"><img decoding=\"async\" src=\"https:\/\/orangerienormandie.com\/wp-content\/uploads\/2022\/12\/P9250064-scaled.jpg\" style=\"width:100%;height:100%;visibility:hidden;z-index:-1;\"\/><\/div><\/div><\/div><div class=\"has-bg-color\" style=\"background-color:#ca7f2b;\" >[vc_custom_heading text=\u00a0\u00bbBuffet de f\u00eate cambodgien\u00a0\u00bb font_container=\u00a0\u00bbtag:h4|text_align:left|color:%23ffffff\u00a0\u00bb use_theme_fonts=\u00a0\u00bbyes\u00a0\u00bb][vc_column_text el_class=\u00a0\u00bbwittetekst\u00a0\u00bb]<span class=\"TextRun SCXW251694106 BCX4\" lang=\"NL-NL\" data-contrast=\"auto\" xml:lang=\"NL-NL\"><br \/>\n            <span class=\"NormalTextRun SCXW251694106 BCX4\">Lorsque je voyage, j&rsquo;aime prendre des cours de cuisine. Il en va de m\u00eame au Cambodge. Ce fut un apr\u00e8s-midi formidable, avec une visite au march\u00e9 et une cuisine commune avec de grands woks. J&rsquo;ai ramen\u00e9 \u00e0 la maison un couteau et une planche \u00e0 d\u00e9couper.<\/span><br \/>\n          <\/span><\/p>\n<p>          <span class=\"TextRun SCXW251694106 BCX4\" lang=\"NL-NL\" data-contrast=\"auto\" xml:lang=\"NL-NL\"><br \/>\n            <span class=\"NormalTextRun SCXW251694106 BCX4\">J&rsquo;ai achet\u00e9 un beau livre de cuisine dans un restaurant de Siem Reap, o\u00f9 des enfants d\u00e9favoris\u00e9s sont form\u00e9s \u00e0 la cuisine et au service, afin de leur offrir un meilleur avenir.<span class=\"EOP SCXW251694106 BCX4\" data-ccp-props=\"{\"201341983\":0,\"335559739\":160,\"335559740\":259}\">  En m&rsquo;inspirant de ce livre, je vais vous pr\u00e9parer un d\u00e9licieux d\u00eener.  <\/span><\/span><br \/>\n          <\/span><br \/>\n          <span class=\"TextRun SCXW251694106 BCX4\" lang=\"NL-NL\" data-contrast=\"auto\" xml:lang=\"NL-NL\"><br \/>\n            <span class=\"NormalTextRun SCXW251694106 BCX4\">D\u00e9couvrez cette culture (alimentaire) diff\u00e9rente et embarquez pour un voyage dans un Cambodge m\u00e9morable, pour ainsi dire.<\/span><br \/>\n          <\/span>[\/vc_column_text][vc_column_text css=\u00a0\u00bb.vc_custom_1671730556084{margin-top: 10px !important;margin-bottom: 5px !important;border-top-width: 1px !important;border-right-width: 1px !important;border-bottom-width: 1px !important;border-left-width: 1px !important;padding-top: 5px !important;padding-right: 10px !important;padding-bottom: 5px !important;padding-left: 10px !important;border-left-color: #ffffff !important;border-left-style: solid !important;border-right-color: #ffffff !important;border-right-style: solid !important;border-top-color: #ffffff !important;border-top-style: solid !important;border-bottom-color: #ffffff !important;border-bottom-style: solid !important;}\u00a0\u00bb el_class=\u00a0\u00bbwittetekst\u00a0\u00bb]Prix sur demande[\/vc_column_text]<\/div><\/div>[\/vc_column][\/vc_row][vc_row css=\u00a0\u00bb.vc_custom_1538939814310{margin-top: 0px !important;margin-bottom: 0px !important;padding-top: 120px !important;padding-bottom: 120px !important;}\u00a0\u00bb][vc_column column_use_custom_typography_align=\u00a0\u00bbcenter\u00a0\u00bb]<div class=\"ozy-overlap_caption custom-font-on \"><h2 style=\"color:#aec6b3;\" >Ervaringen<\/h2><h3 style=\"color:#2f2b2c;\" >van onze gasten<\/h3><\/div><br \/>\n          <div class=\"carousel single wpb_content_element pagedots-false flickity-carousel  item-count-1\" data-flickity='{ \"adaptiveHeight\": false, \"pageDots\": false, \"prevNextButtons\": true, \"groupCells\": false, \"contain\" : true, \"cellAlign\": \"left\", \"imagesLoaded\": true, \"setGallerySize\": true, \"autoPlay\": false }'><br \/>\n            \n<div class=\"ozy-caroseul_item testimonial carousel-cell \">\n<div class=\"testimonial\">\n<span class=\"testimonial-author content-font-family\">Famille Lamy - un anniversaire<\/span>\n<p class=\"content-color testimonial-quote heading-font\"><span style=\"font-size: 14pt;\">Nous \u00e9tions r\u00e9unis \u00e0 l\u2019Orangerie en famille pour l\u2018anniversaire de mon \u00e9pouse. Annelies m\u2019avait propos\u00e9 de pr\u00e9parer le diner de f\u00eate, ce que j\u2019avais accept\u00e9 avec plaisir.<\/span><\/p>\n<p><strong>Quelle bonne id\u00e9e car ce d\u00eener s\u2019est av\u00e9r\u00e9 d\u00e9licieux et copieux !<\/strong><\/p>\n<p>Mets tr\u00e8s fins, tr\u00e8s bien con\u00e7us et confectionn\u00e9s en y int\u00e9grant des tr\u00e9sors v\u00e9g\u00e9taux de saison produits dans le jardin. Le tout est magnifiquement pr\u00e9sent\u00e9 avec un sens aigu de l&rsquo;esth\u00e9tique.<br \/>\nService \u00e0 l\u2019assiette initialement pr\u00e9vu dans l\u2019immense et somptueuse salle \u00e0 manger puis, finalement, d\u00e9localis\u00e9 sur la terrasse, dans le parc, puisque la soir\u00e9e \u00e9tait aussi d\u00e9licieuse que les plats.<br \/>\nAnnelies non seulement cuisine tr\u00e8s bien mais assure un service parfait avec sourire, empathie et efficacit\u00e9. A noter qu\u2019une variante pour les tr\u00e8s jeunes enfants a \u00e9t\u00e9 propos\u00e9e et assur\u00e9e par Annelies.<br \/>\nPour couronner le tout, Annelies avait pr\u00e9par\u00e9 un superbe g\u00e2teau d\u2019anniversaire, personnalis\u00e9 aux go\u00fbts et centres d\u2019int\u00e9r\u00eat de mon \u00e9pouse, une v\u00e9ritable \u0153uvre d\u2019art qui a d\u00fb lui prendre beaucoup de temps.<\/p>\n<p><strong>En d\u00e9finitive, nous \u00e9tions comme dans un excellent restaurant, mais \u2026 chez nous.<\/strong><\/p>\n<\/div>\n<\/div>\n<br \/>\n            \n<div class=\"ozy-caroseul_item testimonial carousel-cell \">\n<div class=\"testimonial\">\n<span class=\"testimonial-author content-font-family\">La famille Van Leeuwen - des vacances en mai<\/span>\n<p class=\"content-color testimonial-quote heading-font\">Au cours de la premi\u00e8re semaine de mai 2023, 15 d&rsquo;entre nous ont \u00e9t\u00e9 accueillis \u00e0 s\u00e9journer dans la magnifique Orangerie. Nous avons pass\u00e9 une semaine fantastique, nous avons fait et vu beaucoup de choses.<\/p>\n<p><strong>Le dernier soir, Annelies s&rsquo;est occup\u00e9e du d\u00eener. Pour les enfants, elle avait pr\u00e9par\u00e9 une assiette de pizza avec des crudit\u00e9s et pour le dessert, ils ont mang\u00e9 un crumble aux pommes avec de la cr\u00e8me glac\u00e9e. Quelle f\u00eate !<\/strong><\/p>\n<p>Lorsque la plupart des enfants sont all\u00e9s se coucher, nous avons pu nous asseoir \u00e0 table La table \u00e9tait tr\u00e8s joliment dress\u00e9e avec de la vaisselle ancienne de brocante. Apr\u00e8s un verre de bulles, on nous a servi un vaste ap\u00e9ritif comprenant du melon, des saucisses fran\u00e7aises, des baguettes \u00e0 tartiner, des boules de fromage, etc. Le plat principal \u00e9tait un d\u00e9licieux b\u0153uf bourgignon accompagn\u00e9 de couscous et de l\u00e9gumes grill\u00e9s. Il \u00e9tait \u00e9galement accompagn\u00e9 d&rsquo;une belle salade. Pour le dessert, nous avons \u00e9galement eu droit \u00e0 une g\u00e9n\u00e9reuse portion de crumble aux pommes.<br \/>\nC&rsquo;\u00e9tait d\u00e9licieux et, pour nous, une fin parfaite pour une semaine formidable ! Annelies, merci !<\/p>\n<\/div>\n<\/div>\n<br \/>\n          <\/div>[\/vc_column][\/vc_row]<\/p>\n<\/div>","protected":false},"excerpt":{"rendered":"<p>[vc_row hue=\u00a0\u00bb#ff0000&Prime; css=\u00a0\u00bb.vc_custom_1656322247499{margin-top: 0px !important;margin-bottom: 0px !important;padding-top: 100px !important;padding-bottom: 100px !important;background-position: 0 0 !important;background-repeat: no-repeat !important;}\u00a0\u00bb][vc_column width=\u00a0\u00bb2\/3&Prime; zero_padding_on_mobile=\u00a0\u00bbon\u00a0\u00bb zero_margin_on_mobile=\u00a0\u00bbon\u00a0\u00bb css=\u00a0\u00bb.vc_custom_1656322241718{padding-right: 10% !important;padding-left: 10% !important;}\u00a0\u00bb][vc_custom_heading text=\u00a0\u00bb\u00caTRE ENSEMBLE ET MANGER DE LA [&hellip;]<\/p>\n","protected":false},"author":1,"featured_media":3968,"parent":0,"menu_order":0,"comment_status":"closed","ping_status":"closed","template":"","meta":{"footnotes":""},"class_list":["post-4146","page","type-page","status-publish","has-post-thumbnail","hentry","has_thumb",null],"_links":{"self":[{"href":"https:\/\/orangerienormandie.com\/fr\/wp-json\/wp\/v2\/pages\/4146","targetHints":{"allow":["GET"]}}],"collection":[{"href":"https:\/\/orangerienormandie.com\/fr\/wp-json\/wp\/v2\/pages"}],"about":[{"href":"https:\/\/orangerienormandie.com\/fr\/wp-json\/wp\/v2\/types\/page"}],"author":[{"embeddable":true,"href":"https:\/\/orangerienormandie.com\/fr\/wp-json\/wp\/v2\/users\/1"}],"replies":[{"embeddable":true,"href":"https:\/\/orangerienormandie.com\/fr\/wp-json\/wp\/v2\/comments?post=4146"}],"version-history":[{"count":88,"href":"https:\/\/orangerienormandie.com\/fr\/wp-json\/wp\/v2\/pages\/4146\/revisions"}],"predecessor-version":[{"id":7048,"href":"https:\/\/orangerienormandie.com\/fr\/wp-json\/wp\/v2\/pages\/4146\/revisions\/7048"}],"wp:featuredmedia":[{"embeddable":true,"href":"https:\/\/orangerienormandie.com\/fr\/wp-json\/wp\/v2\/media\/3968"}],"wp:attachment":[{"href":"https:\/\/orangerienormandie.com\/fr\/wp-json\/wp\/v2\/media?parent=4146"}],"curies":[{"name":"wp","href":"https:\/\/api.w.org\/{rel}","templated":true}]}}