{"id":4234,"date":"2018-09-03T14:23:35","date_gmt":"2018-09-03T12:23:35","guid":{"rendered":"http:\/\/orangerienormandie.com.greenhostpreview.nl\/resultats-de-la-recherche-2\/"},"modified":"2023-06-13T11:48:33","modified_gmt":"2023-06-13T09:48:33","slug":"resultats-de-la-recherche-2","status":"publish","type":"page","link":"https:\/\/orangerienormandie.com\/fr\/resultats-de-la-recherche-2\/","title":{"rendered":"R\u00e9sultats de la recherche"},"content":{"rendered":"<div class=\"wpb-content-wrapper\"><p>[vc_row][vc_column][vc_column_text]Une r\u00e9servation \u00e0 l&rsquo;Orangerie o\u00f9 vous ne r\u00e9servez que la nuit\u00e9e et o\u00f9 vous prenez vos propres dispositions se fait via AirBnB <a href=\"https:\/\/airbnb.com\/h\/orangerienormandie\">: https:\/\/airbnb.com\/h\/orangerienormandie<\/a>.<\/p>\n<p>Si vous souhaitez r\u00e9server un s\u00e9jour avec restauration ou activit\u00e9s organis\u00e9es, je vous invite \u00e0 remplir ce formulaire.[\/vc_column_text][\/vc_column][\/vc_row][vc_row][vc_column][vc_column_text]<code>[mphb_availability id=1149]<\/code>[\/vc_column_text][\/vc_column][\/vc_row]<\/p>\n<\/div>","protected":false},"excerpt":{"rendered":"<p>[vc_row][vc_column][vc_column_text]Une r\u00e9servation \u00e0 l&rsquo;Orangerie o\u00f9 vous ne r\u00e9servez que la nuit\u00e9e et o\u00f9 vous prenez vos propres dispositions se fait via AirBnB : https:\/\/airbnb.com\/h\/orangerienormandie. Si vous souhaitez r\u00e9server un s\u00e9jour [&hellip;]<\/p>\n","protected":false},"author":1,"featured_media":3958,"parent":0,"menu_order":0,"comment_status":"closed","ping_status":"closed","template":"","meta":{"footnotes":""},"class_list":["post-4234","page","type-page","status-publish","has-post-thumbnail","hentry","has_thumb",null],"_links":{"self":[{"href":"https:\/\/orangerienormandie.com\/fr\/wp-json\/wp\/v2\/pages\/4234","targetHints":{"allow":["GET"]}}],"collection":[{"href":"https:\/\/orangerienormandie.com\/fr\/wp-json\/wp\/v2\/pages"}],"about":[{"href":"https:\/\/orangerienormandie.com\/fr\/wp-json\/wp\/v2\/types\/page"}],"author":[{"embeddable":true,"href":"https:\/\/orangerienormandie.com\/fr\/wp-json\/wp\/v2\/users\/1"}],"replies":[{"embeddable":true,"href":"https:\/\/orangerienormandie.com\/fr\/wp-json\/wp\/v2\/comments?post=4234"}],"version-history":[{"count":4,"href":"https:\/\/orangerienormandie.com\/fr\/wp-json\/wp\/v2\/pages\/4234\/revisions"}],"predecessor-version":[{"id":6692,"href":"https:\/\/orangerienormandie.com\/fr\/wp-json\/wp\/v2\/pages\/4234\/revisions\/6692"}],"wp:featuredmedia":[{"embeddable":true,"href":"https:\/\/orangerienormandie.com\/fr\/wp-json\/wp\/v2\/media\/3958"}],"wp:attachment":[{"href":"https:\/\/orangerienormandie.com\/fr\/wp-json\/wp\/v2\/media?parent=4234"}],"curies":[{"name":"wp","href":"https:\/\/api.w.org\/{rel}","templated":true}]}}