{"id":5600,"date":"2022-07-05T14:23:43","date_gmt":"2022-07-05T12:23:43","guid":{"rendered":"https:\/\/orangerienormandie.com\/hebergement\/"},"modified":"2023-03-24T08:28:43","modified_gmt":"2023-03-24T07:28:43","slug":"hebergement","status":"publish","type":"page","link":"https:\/\/orangerienormandie.com\/fr\/hebergement\/","title":{"rendered":"H\u00e9bergement"},"content":{"rendered":"<div class=\"wpb-content-wrapper\"><p>[vc_row css=\u00a0\u00bb.vc_custom_1657193556056{margin-top: 100px !important;margin-bottom: 100px !important;}\u00a0\u00bb][vc_column][vc_custom_heading text=\u00a0\u00bbAper\u00e7u des chambres Orangerie\u00a0\u00bb][vc_empty_space][vc_row_inner][vc_column_inner width=\u00a0\u00bb2\/3&Prime;][vc_custom_heading text=\u00a0\u00bbPLAN DU REZ-DE-CHAUSS\u00c9E\u00a0\u00bb font_container=\u00a0\u00bbtag:p|text_align:left|color:%233e6d96&Prime; use_theme_fonts=\u00a0\u00bbyes\u00a0\u00bb][vc_single_image image=\u00a0\u00bb2513&Prime; img_size=\u00a0\u00bbfull\u00a0\u00bb onclick=\u00a0\u00bbimg_link_large\u00a0\u00bb img_link_target=\u00a0\u00bb_blank\u00a0\u00bb parallax_ratio=\u00a0\u00bb1&Prime;][\/vc_column_inner][vc_column_inner width=\u00a0\u00bb1\/3&Prime;][vc_column_text]<span style=\"color: #3e6d96;\">REZ-DE-CHAUSS\u00c9E<\/span><\/p>\n<ul>\n<li>\n<p align=\"left\">Salle de s\u00e9jour de 77 m\u00b2 avec portes fran\u00e7aises donnant sur le jardin<\/p>\n<\/li>\n<li>Salon de 15 m\u00b2 avec porte sur le jardin<\/li>\n<li>Salle \u00e0 manger de 21 m\u00b2.<\/li>\n<li>Cuisine de 27 m\u00b2 avec portes fran\u00e7aises donnant sur le jardin<\/li>\n<li>Chambre \u00e0 coucher de 14 m\u00b2 avec salle de bain de 8 m\u00b2 avec baignoire et douche, toilettes et lavabo.<\/li>\n<li>Chambre \u00e0 coucher de 15 m\u00b2 avec salle de bain de 5 m\u00b2 avec douche, toilettes et lavabo.<\/li>\n<li>Toilettes de 5 m\u00b2.<\/li>\n<\/ul>\n<p>[\/vc_column_text][vc_empty_space height=\u00a0\u00bb20px\u00a0\u00bb][\/vc_column_inner][\/vc_row_inner][vc_row_inner][vc_column_inner width=\u00a0\u00bb2\/3&Prime;][vc_custom_heading text=\u00a0\u00bbPLAN DU PREMIER \u00c9TAGE\u00a0\u00bb font_container=\u00a0\u00bbtag:p|text_align:left|color:%233e6d96&Prime; use_theme_fonts=\u00a0\u00bbyes\u00a0\u00bb][vc_single_image image=\u00a0\u00bb2514&Prime; img_size=\u00a0\u00bbfull\u00a0\u00bb onclick=\u00a0\u00bbimg_link_large\u00a0\u00bb img_link_target=\u00a0\u00bb_blank\u00a0\u00bb parallax_ratio=\u00a0\u00bb1&Prime;][\/vc_column_inner][vc_column_inner width=\u00a0\u00bb1\/3&Prime;][vc_column_text]<span style=\"color: #3e6d96;\">PREMIER \u00c9TAGE<\/span><\/p>\n<ul>\n<li>Chambre \u00e0 coucher de 29 m\u00b2 avec salle de bain attenante de 4 m\u00b2 avec douche, toilettes et lavabo.<\/li>\n<li>Chambre \u00e0 coucher de 23 m\u00b2 avec salle de bain de 5 m\u00b2 avec douche, toilettes et lavabo.<\/li>\n<li>Chambre \u00e0 coucher de 22 m\u00b2 avec salle de bain attenante de 6 m\u00b2 avec douche, toilettes et lavabo.<\/li>\n<li>Chambre \u00e0 coucher de 22 m\u00b2 avec salle de bain de 5 m\u00b2 avec douche, toilettes et lavabo.<\/li>\n<li>Chambre \u00e0 coucher de 21 m\u00b2.<\/li>\n<li>salle de bains de 5 m\u00b2 avec douche, toilettes et lavabo<\/li>\n<\/ul>\n<p>[\/vc_column_text][\/vc_column_inner][\/vc_row_inner][\/vc_column][\/vc_row][vc_row full_width=\u00a0\u00bbstretch_row\u00a0\u00bb css=\u00a0\u00bb.vc_custom_1669907810979{padding-top: 80px !important;padding-bottom: 80px !important;background-color: #aec6b3 !important;}\u00a0\u00bb el_id=\u00a0\u00bbinstallations\u00a0\u00bb][vc_column el_class=\u00a0\u00bbhalf\u00a0\u00bb][vc_custom_heading text=\u00a0\u00bbInstallations Orangerie\u00a0\u00bb][vc_empty_space][vc_custom_heading text=\u00a0\u00bbPour rendre votre s\u00e9jour aussi facile que possible, nous essayons d&rsquo;offrir le plus de facilit\u00e9s possible. Si vous ne voyez pas quelque chose sur la liste mais que vous en avez besoin, n&rsquo;h\u00e9sitez pas \u00e0 nous contacter. Alors nous verrons ce que nous pouvons faire.\u00a0\u00bb font_container=\u00a0\u00bbtag:p|text_align:left|color:%23000000&Prime; use_theme_fonts=\u00a0\u00bbyes\u00a0\u00bb][vc_empty_space][vc_row_inner][vc_column_inner width=\u00a0\u00bb1\/4&Prime;][vc_column_text]<\/p>\n<h5>G\u00c9N\u00c9RALIT\u00c9S<\/h5>\n<ul>\n<li>Chauffage central<\/li>\n<li>Internet\/Wifi<\/li>\n<\/ul>\n<p>[\/vc_column_text][vc_empty_space height=\u00a0\u00bb20px\u00a0\u00bb][vc_column_text]<\/p>\n<h5>CHAMBRES \u00c0 COUVERTURE<\/h5>\n<ul>\n<li>Literie<\/li>\n<\/ul>\n<p>[\/vc_column_text][vc_single_image image=\u00a0\u00bb2595&Prime; img_size=\u00a0\u00bb\u00a0\u00bb parallax_ratio=\u00a0\u00bb\u00a0\u00bb css=\u00a0\u00bb.vc_custom_1657223803475{padding-right: 10% !important;padding-left: 10% !important;}\u00a0\u00bb][vc_empty_space height=\u00a0\u00bb20px\u00a0\u00bb][vc_column_text]<\/p>\n<h5>SALON<\/h5>\n<ul>\n<li>Lecteur DVD<\/li>\n<li>Chaise(s) haute(s)<\/li>\n<li>Chemin\u00e9e \u00e0 bois<\/li>\n<li>Syst\u00e8me st\u00e9r\u00e9o<\/li>\n<\/ul>\n<p>[\/vc_column_text][\/vc_column_inner][vc_column_inner width=\u00a0\u00bb1\/4&Prime;][vc_column_text]<\/p>\n<h5>CUISINE<\/h5>\n<ul>\n<li>Grille-pain<\/li>\n<li>Laveuse\/s\u00e9cheuse<\/li>\n<li>Cong\u00e9lateur\/r\u00e9frig\u00e9rateur<\/li>\n<li>Plaque de cuisson \u00e0 gaz \u00e0 6 br\u00fbleurs<\/li>\n<li>Four \u00e9lectrique<\/li>\n<li>Gril<\/li>\n<li>Micro-ondes<\/li>\n<li>Lave-vaisselle<\/li>\n<li>Fer<\/li>\n<li>Bouilloire<\/li>\n<li>Torchons<\/li>\n<\/ul>\n<p>[\/vc_column_text][vc_empty_space height=\u00a0\u00bb20px\u00a0\u00bb][vc_single_image image=\u00a0\u00bb2587&Prime; img_size=\u00a0\u00bb\u00a0\u00bb parallax_ratio=\u00a0\u00bb\u00a0\u00bb css=\u00a0\u00bb.vc_custom_1657223831272{padding-right: 10% !important;padding-left: 10% !important;}\u00a0\u00bb][\/vc_column_inner][vc_column_inner width=\u00a0\u00bb1\/4&Prime;][vc_column_text]<\/p>\n<h5>JARDIN<\/h5>\n<ul>\n<li>Brasero et terrasses<\/li>\n<li>Jouets d&rsquo;ext\u00e9rieur<\/li>\n<\/ul>\n<p>[\/vc_column_text][vc_single_image image=\u00a0\u00bb2596&Prime; img_size=\u00a0\u00bb\u00a0\u00bb parallax_ratio=\u00a0\u00bb\u00a0\u00bb css=\u00a0\u00bb.vc_custom_1657223838199{padding-right: 10% !important;padding-left: 10% !important;}\u00a0\u00bb][vc_empty_space height=\u00a0\u00bb20px\u00a0\u00bb][vc_column_text]<\/p>\n<h5>SPORTS<\/h5>\n<ul>\n<li>Walking<\/li>\n<li>Cyclisme<\/li>\n<li>V\u00e9lo de montagne<\/li>\n<li>Cano\u00eb<\/li>\n<\/ul>\n<p>[\/vc_column_text][\/vc_column_inner][vc_column_inner width=\u00a0\u00bb1\/4&Prime;][vc_column_text]<\/p>\n<h5>NEAR<\/h5>\n<ul>\n<li>Installation de p\u00eache<\/li>\n<li>Sports nautiques<\/li>\n<li>\u00c9quitation<\/li>\n<li>Plage<\/li>\n<li>Terrains de golf<\/li>\n<li>Ferme de lavande<\/li>\n<li>Grotte du Calvados<\/li>\n<\/ul>\n<p>[\/vc_column_text][vc_empty_space height=\u00a0\u00bb20px\u00a0\u00bb][vc_column_text]<\/p>\n<h5>ANIMAUX DOMESTIQUES<\/h5>\n<ul>\n<li>Autoris\u00e9 sur demande (voir le <a href=\"https:\/\/orangerienormandie.com\/fr\/reglement-interieur\/#huisregelshonden\" target=\"_blank\" rel=\"noopener\">r\u00e8glement int\u00e9rieur<\/a>)<\/li>\n<\/ul>\n<p>[\/vc_column_text][\/vc_column_inner][\/vc_row_inner][\/vc_column][\/vc_row][vc_row full_width=\u00a0\u00bbstretch_row_content_no_spaces\u00a0\u00bb content_placement=\u00a0\u00bbmiddle\u00a0\u00bb zero_padding_on_mobile=\u00a0\u00bbon\u00a0\u00bb zero_margin_on_mobile=\u00a0\u00bbon\u00a0\u00bb css=\u00a0\u00bb.vc_custom_1669911178166{margin-bottom: -40px !important;padding-top: 100px !important;}\u00a0\u00bb][vc_column]<div class=\"ozy-overlap_caption custom-font-on \"><h2 style=\"color:#c6d8cd;\" >Een impressie<\/h2><h3 style=\"color:#2f2b2c;\" >L&#039;Orangerie Normandie<\/h3><\/div>[vc_empty_space height=\u00a0\u00bb80px\u00a0\u00bb][vc_row_inner][vc_column_inner width=\u00a0\u00bb1\/4&Prime;][vc_single_image image=\u00a0\u00bb4459&Prime; img_size=\u00a0\u00bb400&#215;400&Prime; parallax_ratio=\u00a0\u00bb1&Prime;][\/vc_column_inner][vc_column_inner width=\u00a0\u00bb1\/4&Prime;][vc_single_image image=\u00a0\u00bb4447&Prime; img_size=\u00a0\u00bb400&#215;400&Prime; parallax_ratio=\u00a0\u00bb1&Prime;][\/vc_column_inner][vc_column_inner width=\u00a0\u00bb1\/4&Prime;][vc_single_image image=\u00a0\u00bb4450&Prime; img_size=\u00a0\u00bb400&#215;400&Prime; parallax_ratio=\u00a0\u00bb1&Prime;][\/vc_column_inner][vc_column_inner width=\u00a0\u00bb1\/4&Prime;][vc_single_image image=\u00a0\u00bb4456&Prime; img_size=\u00a0\u00bb400&#215;400&Prime; parallax_ratio=\u00a0\u00bb1&Prime;][\/vc_column_inner][\/vc_row_inner][vc_row_inner][vc_column_inner css=\u00a0\u00bb.vc_custom_1669911222103{margin-top: -120px !important;}\u00a0\u00bb]<span  id=\"wofcb-1\" class=\"ozy-custom_button_w\"><a id=\"ofcb-1\" style=\"--data-bordercolor:#c6d8cd\" class=\"ozy-custom_button ocbtn-12\"  href=\"\/IMPRESSIE\"  target=\"_self\" >TOUTES LES PHOTOS DE L&#039;ORANGERIE NORMANDIE<\/a><\/span>[\/vc_column_inner][\/vc_row_inner][\/vc_column][\/vc_row]<\/p>\n<\/div>","protected":false},"excerpt":{"rendered":"<p>[vc_row css=\u00a0\u00bb.vc_custom_1657193556056{margin-top: 100px !important;margin-bottom: 100px !important;}\u00a0\u00bb][vc_column][vc_custom_heading text=\u00a0\u00bbAper\u00e7u des chambres Orangerie\u00a0\u00bb][vc_empty_space][vc_row_inner][vc_column_inner width=\u00a0\u00bb2\/3&Prime;][vc_custom_heading text=\u00a0\u00bbPLAN DU REZ-DE-CHAUSS\u00c9E\u00a0\u00bb font_container=\u00a0\u00bbtag:p|text_align:left|color:%233e6d96&Prime; use_theme_fonts=\u00a0\u00bbyes\u00a0\u00bb][vc_single_image image=\u00a0\u00bb2513&Prime; img_size=\u00a0\u00bbfull\u00a0\u00bb onclick=\u00a0\u00bbimg_link_large\u00a0\u00bb img_link_target=\u00a0\u00bb_blank\u00a0\u00bb parallax_ratio=\u00a0\u00bb1&Prime;][\/vc_column_inner][vc_column_inner width=\u00a0\u00bb1\/3&Prime;][vc_column_text]REZ-DE-CHAUSS\u00c9E Salle de s\u00e9jour de 77 m\u00b2 avec portes [&hellip;]<\/p>\n","protected":false},"author":1,"featured_media":0,"parent":0,"menu_order":0,"comment_status":"closed","ping_status":"closed","template":"","meta":{"footnotes":""},"class_list":["post-5600","page","type-page","status-publish","hentry",null],"_links":{"self":[{"href":"https:\/\/orangerienormandie.com\/fr\/wp-json\/wp\/v2\/pages\/5600","targetHints":{"allow":["GET"]}}],"collection":[{"href":"https:\/\/orangerienormandie.com\/fr\/wp-json\/wp\/v2\/pages"}],"about":[{"href":"https:\/\/orangerienormandie.com\/fr\/wp-json\/wp\/v2\/types\/page"}],"author":[{"embeddable":true,"href":"https:\/\/orangerienormandie.com\/fr\/wp-json\/wp\/v2\/users\/1"}],"replies":[{"embeddable":true,"href":"https:\/\/orangerienormandie.com\/fr\/wp-json\/wp\/v2\/comments?post=5600"}],"version-history":[{"count":2,"href":"https:\/\/orangerienormandie.com\/fr\/wp-json\/wp\/v2\/pages\/5600\/revisions"}],"predecessor-version":[{"id":5609,"href":"https:\/\/orangerienormandie.com\/fr\/wp-json\/wp\/v2\/pages\/5600\/revisions\/5609"}],"wp:attachment":[{"href":"https:\/\/orangerienormandie.com\/fr\/wp-json\/wp\/v2\/media?parent=5600"}],"curies":[{"name":"wp","href":"https:\/\/api.w.org\/{rel}","templated":true}]}}