{"id":5620,"date":"2022-08-26T12:44:12","date_gmt":"2022-08-26T10:44:12","guid":{"rendered":"https:\/\/orangerienormandie.com\/affaires\/"},"modified":"2023-06-29T17:41:25","modified_gmt":"2023-06-29T15:41:25","slug":"affaires","status":"publish","type":"page","link":"https:\/\/orangerienormandie.com\/fr\/affaires\/","title":{"rendered":"AFFAIRES"},"content":{"rendered":"<div class=\"wpb-content-wrapper\"><p>[vc_row gap=\u00a0\u00bb20&Prime; css=\u00a0\u00bb.vc_custom_1669726980412{margin-top: 0px !important;margin-bottom: 0px !important;padding-top: 100px !important;padding-bottom: 100px !important;}\u00a0\u00bb][vc_column][vc_custom_heading text=\u00a0\u00bbTravailler et inspirer\u00a0\u00bb font_container=\u00a0\u00bbtag:h2|font_size:52|text_align:left\u00a0\u00bb][vc_column_text el_class=\u00a0\u00bbminderhoog\u00a0\u00bb]<em><strong>Travailler avec des r\u00e9sultats inspirants<\/strong> dans le<\/em> <i>g\u00eete et le beau jardin<\/i><br \/>\n<span style=\"color: #808080;\">Normandie, France<\/span>[\/vc_column_text][\/vc_column][vc_column width=\u00a0\u00bb1\/3&Prime; css=\u00a0\u00bb.vc_custom_1657219291284{padding-right: 10% !important;}\u00a0\u00bb][vc_column_text]Le d\u00e9paysement est-il exactement ce dont vous avez besoin ? Personnellement ou avec un groupe d&rsquo;affaires?<\/p>\n<p>Se r\u00e9unir avec la direction ou une \u00e9quipe dans un lieu diff\u00e9rent peut apporter une contribution pr\u00e9cieuse \u00e0 ce sur quoi vous travaillez ensemble.<\/p>\n<blockquote><p><span style=\"font-size: 14pt;\">Nouveau lieu<\/span><br \/>\n<span style=\"font-size: 14pt;\">\u00c9largir la vue<br \/>\nTravailler ensemble<\/span><\/p><\/blockquote>\n<p>L&rsquo;Orangerie offre un lieu de travail agr\u00e9able : une grande table o\u00f9 l&rsquo;on peut s&rsquo;attabler avec toute l&rsquo;\u00e9quipe, une chemin\u00e9e cosy et un joli jardin pour se vider la t\u00eate.[\/vc_column_text][\/vc_column][vc_column width=\u00a0\u00bb1\/3&Prime; css=\u00a0\u00bb.vc_custom_1657219300915{padding-right: 10% !important;}\u00a0\u00bb][vc_column_text]Les possibilit\u00e9s sont infinies:<\/p>\n<ul>\n<li>Se r\u00e9unir pendant une journ\u00e9e enti\u00e8re et prendre en charge tous les repas et collations.<\/li>\n<li>Sortez et explorez la r\u00e9gion.<\/li>\n<li>Une d\u00e9gustation culinaire pour les membres de l&rsquo;\u00e9quipe.<\/li>\n<li>Cuisiner ensemble, avec des conseils pour la composition du menu et les courses sont prises en charge pour vous.<\/li>\n<li>Restez plusieurs nuits ou visitez de mani\u00e8re r\u00e9currente un jour par an.<\/li>\n<\/ul>\n<p>Facilitant ce genre de semaines, compl\u00e9t\u00e9es par des repas, l&rsquo;Orangerie est parfaitement adapt\u00e9e \u00e0 cela.<\/p>\n<p><img loading=\"lazy\" decoding=\"async\" class=\"alignnone size-full wp-image-3039\" src=\"http:\/\/orangerienormandie.com.greenhostpreview.nl\/wp-content\/uploads\/2022\/09\/Orangerie-normandie-verblijf-vakantie-zakelijk-retreates-familie-woonboerderij-landhuis-IMG_0764.jpg\" alt=\"\" width=\"400\" height=\"267\"><\/p>\n<p>[\/vc_column_text][\/vc_column][vc_column width=\u00a0\u00bb1\/3&Prime; css=\u00a0\u00bb.vc_custom_1669906485412{padding-bottom: 40px !important;}\u00a0\u00bb][vc_column_text css=\u00a0\u00bb.vc_custom_1661512601741{border-left-width: 2px !important;padding-top: 5% !important;padding-right: 5% !important;padding-bottom: 5% !important;border-left-color: #000000 !important;border-left-style: solid !important;}\u00a0\u00bb]<\/p>\n<ul>\n<li>Restauration<\/li>\n<li>Internet \/ Wifi gratuit<\/li>\n<li>Grandes tables (de travail)<\/li>\n<li>Studio ind\u00e9pendant<\/li>\n<li>Jardin d&rsquo;inspiration<\/li>\n<li>Activit\u00e9s dans la r\u00e9gion<\/li>\n<\/ul>\n<p>[\/vc_column_text]<span  id=\"wofcb-1\" class=\"ozy-custom_button_w\"><a id=\"ofcb-1\" style=\"--data-bordercolor:#000000\" class=\"ozy-custom_button ocbtn-0\"  href=\"\/accommodatie\/#faciliteiten\"  target=\"_blank\" >ALLE FACILITEITEN<\/a><\/span>[\/vc_column][\/vc_row][vc_row][vc_column]<div id=\"availability_search-2\" style=\"--bg-color:#ffffff\" class=\"homepage-widget-area container  floating-box center\">[mphb_availability_search class=\"widget_mphb_search_availability_widget\" check_in_date=\"09\/04\/2026\" check_out_date=\"10\/04\/2026\"]<\/div>[\/vc_column][\/vc_row][vc_row full_width=\u00a0\u00bbstretch_row_content\u00a0\u00bb equal_height=\u00a0\u00bbyes\u00a0\u00bb css=\u00a0\u00bb.vc_custom_1661521700044{margin-bottom: 0px !important;padding-top: 40px !important;padding-right: 15% !important;padding-bottom: 40px !important;padding-left: 15% !important;background-color: #efda8c !important;}\u00a0\u00bb][vc_column width=\u00a0\u00bb1\/4&Prime; css=\u00a0\u00bb.vc_custom_1657115395547{margin-top: 40px !important;margin-bottom: 40px !important;border-right-width: 2px !important;background-position: center !important;background-repeat: no-repeat !important;background-size: cover !important;border-right-color: #000000 !important;border-right-style: solid !important;}\u00a0\u00bb][vc_custom_heading text=\u00a0\u00bbL\u00a0\u00bb font_container=\u00a0\u00bbtag:p|font_size:10em|text_align:center|color:%230a0a0a\u00a0\u00bb google_fonts=\u00a0\u00bbfont_family:Playfair%20Display%3Aregular%2Citalic%2C700%2C700italic%2C900%2C900italic|font_style:400%20regular%3A400%3Anormal\u00a0\u00bb el_class=\u00a0\u00bboverlappend\u00a0\u00bb][vc_single_image image=\u00a0\u00bb2426&Prime; img_size=\u00a0\u00bbmedium\u00a0\u00bb alignment=\u00a0\u00bbcenter\u00a0\u00bb style=\u00a0\u00bbvc_box_circle_2&Prime; parallax_ratio=\u00a0\u00bb1&Prime; css=\u00a0\u00bb.vc_custom_1657114287034{margin-top: -10px !important;margin-right: 10px !important;}\u00a0\u00bb][\/vc_column][vc_column width=\u00a0\u00bb3\/4&Prime; css=\u00a0\u00bb.vc_custom_1657024688737{padding-right: 5% !important;padding-left: 5% !important;}\u00a0\u00bb][vc_column_text]<\/p>\n<h2>Voulez-vous promener avec nous ?<\/h2>\n<p>Apr\u00e8s \u00eatre entr\u00e9 par une route de campagne fran\u00e7aise typique, vous tournez sur notre chemin et entrez dans le parc par un impressionnant portail en pierre. Garez votre voiture ou votre moto et laissez-vous impr\u00e9gner par l&rsquo;immensit\u00e9 du paysage. \u00c0 travers le jardin, vous pouvez voir deux b\u00e2timents : le g\u00eete ferme et le cottage.<\/p>\n<h4>Le g\u00eete<\/h4>\n<p>Le g\u00eete est spacieuse et dispose de deux salles de s\u00e9jour au rez-de-chauss\u00e9e. Avec plus de 18 si\u00e8ges dans le grand salon et 4 si\u00e8ges dans le petit salon, tout le monde peut s&rsquo;asseoir ensemble. Ou, au contraire, vous choisissez de vous retirer dans un autre espace pendant un certain temps.<\/p>\n<h4>7 chambres &amp; salles de bain<\/h4>\n<p>Deux grandes chambres avec salles de bains attenantes au rez-de-chauss\u00e9e et 5 chambres avec salles de bains au premier \u00e9tage, offrent de nombreux espaces de couchage confortables et de l&rsquo;intimit\u00e9.<\/p>\n<h4>La cuisine<\/h4>\n<p>Souhaitez-vous pr\u00e9parer les repas vous-m\u00eames ? Ensuite, vivez la vie dans la cuisine enti\u00e8rement \u00e9quip\u00e9e qui comprend une arm\u00e9e de casseroles, un micro-ondes et un four. D\u00eenez \u00e0 l&rsquo;ext\u00e9rieur au soleil ou \u00e0 l&rsquo;int\u00e9rieur ; ici aussi, vous pouvez choisir o\u00f9 vous asseoir.<\/p>\n<h4>Restauration<\/h4>\n<p>Bien entendu, il est \u00e9galement possible de d\u00e9guster un petit-d\u00e9jeuner frais ou un repas chaud apr\u00e8s les activit\u00e9s de la journ\u00e9e. Nous serions heureux de discuter de vos souhaits \u00e0 l&rsquo;avance et de savoir quel(s) jour(s) vous souhaitez profiter des repas.<\/p>\n<p>Annelies est heureuse de r\u00e9fl\u00e9chir avec vous ; elle vit dans le chalet de la propri\u00e9t\u00e9.[\/vc_column_text]<span  id=\"wofcb-3\" class=\"ozy-custom_button_w\"><a id=\"ofcb-3\" style=\"--data-bordercolor:#000000\" class=\"ozy-custom_button ocbtn-0\"  href=\"\/catering\"  target=\"_self\" >MEER OVER CATERING<\/a><\/span>[\/vc_column][\/vc_row][vc_row full_width=\u00a0\u00bbstretch_row_content_no_spaces\u00a0\u00bb content_placement=\u00a0\u00bbtop\u00a0\u00bb hue=\u00a0\u00bb#ff0000&Prime; css=\u00a0\u00bb.vc_custom_1661521677558{margin-top: 0px !important;margin-bottom: 0px !important;}\u00a0\u00bb][vc_column width=\u00a0\u00bb1\/4&Prime; css=\u00a0\u00bb.vc_custom_1661521915718{margin-top: 0px !important;margin-bottom: 0px !important;padding-top: 0px !important;padding-bottom: 0px !important;}\u00a0\u00bb][vc_single_image image=\u00a0\u00bb3006&Prime; img_size=\u00a0\u00bb\u00a0\u00bb alignment=\u00a0\u00bbcenter\u00a0\u00bb parallax_ratio=\u00a0\u00bb1&Prime; css=\u00a0\u00bb.vc_custom_1662629502204{margin-bottom: 0px !important;}\u00a0\u00bb][\/vc_column][vc_column width=\u00a0\u00bb1\/4&Prime; css=\u00a0\u00bb.vc_custom_1661521925724{margin-top: 0px !important;margin-bottom: 0px !important;padding-top: 0px !important;padding-bottom: 0px !important;}\u00a0\u00bb][vc_single_image image=\u00a0\u00bb2999&Prime; img_size=\u00a0\u00bb\u00a0\u00bb alignment=\u00a0\u00bbcenter\u00a0\u00bb parallax_ratio=\u00a0\u00bb1&Prime; css=\u00a0\u00bb.vc_custom_1662629681497{margin-bottom: 0px !important;}\u00a0\u00bb][\/vc_column][vc_column width=\u00a0\u00bb1\/4&Prime; css=\u00a0\u00bb.vc_custom_1661521931442{margin-top: 0px !important;margin-bottom: 0px !important;padding-top: 0px !important;padding-bottom: 0px !important;}\u00a0\u00bb][vc_single_image image=\u00a0\u00bb3000&Prime; img_size=\u00a0\u00bb\u00a0\u00bb alignment=\u00a0\u00bbcenter\u00a0\u00bb parallax_ratio=\u00a0\u00bb1&Prime; css=\u00a0\u00bb.vc_custom_1662629556835{margin-bottom: 0px !important;}\u00a0\u00bb][\/vc_column][vc_column width=\u00a0\u00bb1\/4&Prime; css=\u00a0\u00bb.vc_custom_1661521773764{margin-top: 0px !important;margin-bottom: 0px !important;padding-top: 0px !important;padding-bottom: 0px !important;}\u00a0\u00bb][vc_single_image image=\u00a0\u00bb3005&Prime; img_size=\u00a0\u00bb\u00a0\u00bb alignment=\u00a0\u00bbcenter\u00a0\u00bb parallax_ratio=\u00a0\u00bb1&Prime; css=\u00a0\u00bb.vc_custom_1662629585937{margin-bottom: 0px !important;}\u00a0\u00bb][\/vc_column][\/vc_row][vc_row css=\u00a0\u00bb.vc_custom_1662635948448{margin-top: -80px !important;}\u00a0\u00bb][vc_column]<span  id=\"wofcb-4\" class=\"ozy-custom_button_w\"><a id=\"ofcb-4\" style=\"--data-bordercolor:#ffffff\" class=\"ozy-custom_button ocbtn-12\"  href=\"\/IMPRESSIE\"  target=\"_self\" >TO IMPRESSION<\/a><\/span>[\/vc_column][\/vc_row]<\/p>\n<\/div>","protected":false},"excerpt":{"rendered":"<p>[vc_row gap=\u00a0\u00bb20&Prime; css=\u00a0\u00bb.vc_custom_1669726980412{margin-top: 0px !important;margin-bottom: 0px !important;padding-top: 100px !important;padding-bottom: 100px !important;}\u00a0\u00bb][vc_column][vc_custom_heading text=\u00a0\u00bbTravailler et inspirer\u00a0\u00bb font_container=\u00a0\u00bbtag:h2|font_size:52|text_align:left\u00a0\u00bb][vc_column_text el_class=\u00a0\u00bbminderhoog\u00a0\u00bb]Travailler avec des r\u00e9sultats inspirants dans le g\u00eete et le beau jardin Normandie, France[\/vc_column_text][\/vc_column][vc_column width=\u00a0\u00bb1\/3&Prime; [&hellip;]<\/p>\n","protected":false},"author":1,"featured_media":3842,"parent":0,"menu_order":0,"comment_status":"closed","ping_status":"closed","template":"","meta":{"footnotes":""},"class_list":["post-5620","page","type-page","status-publish","has-post-thumbnail","hentry","has_thumb",null],"_links":{"self":[{"href":"https:\/\/orangerienormandie.com\/fr\/wp-json\/wp\/v2\/pages\/5620","targetHints":{"allow":["GET"]}}],"collection":[{"href":"https:\/\/orangerienormandie.com\/fr\/wp-json\/wp\/v2\/pages"}],"about":[{"href":"https:\/\/orangerienormandie.com\/fr\/wp-json\/wp\/v2\/types\/page"}],"author":[{"embeddable":true,"href":"https:\/\/orangerienormandie.com\/fr\/wp-json\/wp\/v2\/users\/1"}],"replies":[{"embeddable":true,"href":"https:\/\/orangerienormandie.com\/fr\/wp-json\/wp\/v2\/comments?post=5620"}],"version-history":[{"count":8,"href":"https:\/\/orangerienormandie.com\/fr\/wp-json\/wp\/v2\/pages\/5620\/revisions"}],"predecessor-version":[{"id":6714,"href":"https:\/\/orangerienormandie.com\/fr\/wp-json\/wp\/v2\/pages\/5620\/revisions\/6714"}],"wp:featuredmedia":[{"embeddable":true,"href":"https:\/\/orangerienormandie.com\/fr\/wp-json\/wp\/v2\/media\/3842"}],"wp:attachment":[{"href":"https:\/\/orangerienormandie.com\/fr\/wp-json\/wp\/v2\/media?parent=5620"}],"curies":[{"name":"wp","href":"https:\/\/api.w.org\/{rel}","templated":true}]}}