{"id":5635,"date":"2022-11-29T12:47:49","date_gmt":"2022-11-29T11:47:49","guid":{"rendered":"https:\/\/orangerienormandie.com\/environs\/"},"modified":"2023-06-29T17:45:02","modified_gmt":"2023-06-29T15:45:02","slug":"environs","status":"publish","type":"page","link":"https:\/\/orangerienormandie.com\/fr\/environs\/","title":{"rendered":"Environs"},"content":{"rendered":"<div class=\"wpb-content-wrapper\"><p>[vc_row gap=\u00a0\u00bb20&Prime; css=\u00a0\u00bb.vc_custom_1657226816285{margin-top: 0px !important;margin-bottom: 0px !important;padding-top: 100px !important;padding-bottom: 100px !important;}\u00a0\u00bb][vc_column][vc_custom_heading text=\u00a0\u00bbNotre emplacement et les environs\u00a0\u00bb font_container=\u00a0\u00bbtag:h2|font_size:52|text_align:left\u00a0\u00bb][vc_column_text el_class=\u00a0\u00bbminderhoog\u00a0\u00bb]<em><strong>\u00c0 l&rsquo;int\u00e9rieur et \u00e0 l&rsquo;ext\u00e9rieur<\/strong> des anciens murs de l&rsquo;Orangerie<\/em><\/p>\n<p>          <span style=\"color: #808080;\">Normandie, France<\/span>[\/vc_column_text][\/vc_column][vc_column width=\u00a0\u00bb1\/3&Prime; css=\u00a0\u00bb.vc_custom_1657219291284{padding-right: 10% !important;}\u00a0\u00bb][vc_column_text]L&rsquo;Orangerie faisait autrefois partie du ch\u00e2teau de La Foret-Auvray, qui est aujourd&rsquo;hui notre voisin. Le parc de l&rsquo;Orangerie offre plus de 7000 m2 de jardin ; ici vous pouvez<\/p>\n<ul>\n<li>badminton<\/li>\n<li>bain de soleil<\/li>\n<li>ballons de football<\/li>\n<li>barbecue<\/li>\n<\/ul>\n<p>Les enfants peuvent jouer \u00e0 leur guise. L&rsquo;ensemble du jardin est entour\u00e9 d&rsquo;un mur de pierre.[\/vc_column_text][\/vc_column][vc_column width=\u00a0\u00bb1\/3&Prime; css=\u00a0\u00bb.vc_custom_1657219300915{padding-right: 10% !important;}\u00a0\u00bb][vc_column_text]L&rsquo;Orangerie est situ\u00e9e en Suisse Normande ou &lsquo;Montagnes de Normandie&rsquo;, dans une belle vall\u00e9e pr\u00e8s de la rivi\u00e8re Orne. Profitez de la beaut\u00e9 que la Normandie a \u00e0 offrir ; des itin\u00e9raires p\u00e9destres et cyclables aux activit\u00e9s nautiques dans le lac voisin.[\/vc_column_text][\/vc_column][vc_column width=\u00a0\u00bb1\/3&Prime;]<span  id=\"wofcb-1\" class=\"ozy-custom_button_w\"><a id=\"ofcb-1\" style=\"--data-bordercolor:#000000\" class=\"ozy-custom_button ocbtn-0\"  href=\"http:\/\/www.suisse-normande-tourisme.com\/nl\"  target=\"_blank\" >Office de Tourisme de la Suisse Normande<\/a><\/span>[\/vc_column][\/vc_row][vc_row full_width=\u00a0\u00bbstretch_row\u00a0\u00bb css=\u00a0\u00bb.vc_custom_1657224719998{padding-top: 100px !important;padding-bottom: 100px !important;background-color: #aec6b3 !important;}\u00a0\u00bb el_id=\u00a0\u00bbinstallations\u00a0\u00bb][vc_column][vc_row_inner][vc_column_inner width=\u00a0\u00bb1\/3&Prime; css=\u00a0\u00bb.vc_custom_1669910079436{padding-bottom: 20px !important;}\u00a0\u00bb][vc_column_text]<\/p>\n<h5><strong>ACTIVE &amp;<\/strong> BISTRO<\/h5>\n<p><span class=\"TextRun Highlight SCXW78313533 BCX4\" lang=\"NL-NL\" data-contrast=\"none\" xml:lang=\"NL-NL\"><span class=\"NormalTextRun SCXW78313533 BCX4\">Dans le voisinage imm\u00e9diat, 2  <\/span><span class=\"NormalTextRun SCXW78313533 BCX4\">des sentiers de randonn\u00e9e de 7 et 13 kilom\u00e8tres commencent. Et \u00e0 5 minutes de route se trouvent Les  <\/span><span class=\"NormalTextRun SpellingErrorV2Themed SCXW78313533 BCX4\">Roches<\/span> <span class=\"NormalTextRun SpellingErrorV2Themed SCXW78313533 BCX4\">d&rsquo;Oetre <\/span><span class=\"NormalTextRun SCXW78313533 BCX4\">une belle r\u00e9serve naturelle avec plusieurs sentiers de randonn\u00e9e et de cyclisme, une <\/span><span class=\"NormalTextRun SpellingErrorV2Themed SCXW78313533 BCX4\">for\u00eat d&rsquo;escalade<\/span><span class=\"NormalTextRun SCXW78313533 BCX4\">, <\/span><span class=\"NormalTextRun SpellingErrorV2Themed SCXW78313533 BCX4\">\u00e9quitation \u00e0 poney<\/span><span class=\"NormalTextRun SCXW78313533 BCX4\"> et bien s\u00fbr<\/span><span class=\"NormalTextRun SCXW78313533 BCX4\"> le bistro (j&rsquo;adore les pizzas) et l&rsquo;Office de <\/span><span class=\"NormalTextRun SpellingErrorV2Themed SCXW78313533 BCX4\">Tourisme<\/span><span class=\"NormalTextRun SCXW78313533 BCX4\">.<\/span><\/span><\/p>\n<h5>PLAGE ET HISTOIRE<\/h5>\n<p><span class=\"TextRun Highlight SCXW107916595 BCX4\" lang=\"NL-NL\" data-contrast=\"none\" xml:lang=\"NL-NL\"><span class=\"NormalTextRun SCXW107916595 BCX4\">Les plages du d\u00e9barquement sont tr\u00e8s int\u00e9ressantes \u00e0 visiter lors d&rsquo;une excursion d&rsquo;une journ\u00e9e. Dans l&rsquo;Orangerie, il y a beaucoup de mat\u00e9riel disponible pour tracer l&rsquo;itin\u00e9raire parfait. <\/span><\/span><span class=\"EOP SCXW107916595 BCX4\" data-ccp-props=\"{\"201341983\":0,\"335559739\":160,\"335559740\":259}\"> <\/span><\/p>\n<p><span class=\"NormalTextRun SCXW210922256 BCX4\">Aussi <\/span><span class=\"NormalTextRun SpellingErrorV2Themed SpellingErrorHighlight SCXW210922256 BCX4\">Baye<\/span><span class=\"NormalTextRun SpellingErrorV2Themed SpellingErrorHighlight SCXW210922256 BCX4\">u<\/span><span class=\"NormalTextRun SpellingErrorV2Themed SpellingErrorHighlight SCXW210922256 BCX4\">x<\/span><span class=\"NormalTextRun SCXW210922256 BCX4\"> avec ses premi\u00e8res caricatures et tentures mondialement connues, peut \u00eatre tr\u00e8s bien visit\u00e9e depuis l&rsquo;Orangerie. <\/span>[\/vc_column_text][\/vc_column_inner][vc_column_inner width=\u00a0\u00bb1\/3&Prime; css=\u00a0\u00bb.vc_custom_1669910109705{padding-bottom: 20px !important;}\u00a0\u00bb][vc_column_text]<\/p>\n<h5><span class=\"NormalTextRun SCXW115722930 BCX4\">SPORTS AQUATIQUES ET RAFRA\u00ceCHISSEMENT LOCAL<\/span><\/h5>\n<p><span class=\"NormalTextRun SCXW115722930 BCX4\">\u00c0 un peu moins de 10 minutes de l\u00e0 se trouve le <\/span><span class=\"NormalTextRun SpellingErrorV2Themed SCXW115722930 BCX4\">Lac<\/span><span class=\"NormalTextRun SCXW115722930 BCX4\"> le site <\/span><span class=\"NormalTextRun SpellingErrorV2Themed SCXW115722930 BCX4\">Rabodanges<\/span><span class=\"NormalTextRun SCXW115722930 BCX4\"> o\u00f9 toutes sortes de sports nautiques sont pratiqu\u00e9s.<\/span><span class=\"NormalTextRun SCXW115722930 BCX4\"> Sur le chemin du retour, visitez le K-Rabo (lekrabo.fr) pour des rafra\u00eechissements locaux.<\/span><\/p>\n<h5><span class=\"NormalTextRun SCXW115722930 BCX4\">EPICERIES<\/span><\/h5>\n<p><span data-contrast=\"none\">Les petits supermarch\u00e9s les plus proches sont \u00e0 Putanges le Lac et \u00e0 St. Honorine.<\/span><span data-ccp-props=\"{\"201341983\":0,\"335559739\":160,\"335559740\":259}\"> <\/span><\/p>\n<p><span data-contrast=\"none\">D&rsquo;autres options sont Flers ou Argentan, chacune \u00e0 environ une demi-heure de route. Et pour faire du vrai shopping, vous pouvez aller \u00e0 Caen, \u00e0 environ 45 minutes. <\/span><span data-ccp-props=\"{\"201341983\":0,\"335559739\":160,\"335559740\":259}\"> <\/span>[\/vc_column_text][\/vc_column_inner][vc_column_inner width=\u00a0\u00bb1\/3&Prime;][vc_column_text]<\/p>\n<h5><span class=\"TextRun Highlight SCXW138433640 BCX4\" lang=\"NL-NL\" xml:lang=\"NL-NL\" data-contrast=\"none\"><span class=\"NormalTextRun SCXW138433640 BCX4\">PIQUE-NIQUE AU BORD DU LAC<\/span><\/span><\/h5>\n<p><span class=\"TextRun Highlight SCXW138433640 BCX4\" lang=\"NL-NL\" data-contrast=\"none\" xml:lang=\"NL-NL\"><span class=\"NormalTextRun SCXW138433640 BCX4\">A une demi-heure de route, se trouve le lac de <\/span><span class=\"NormalTextRun SpellingErrorV2Themed SCXW138433640 BCX4\">Ferte-Mac\u00e9<\/span><span class=\"NormalTextRun SCXW138433640 BCX4\">un endroit charmant pour une <\/span><span class=\"NormalTextRun SpellingErrorV2Themed SCXW138433640 BCX4\">pique-nique<\/span><span class=\"NormalTextRun SCXW138433640 BCX4\">.<\/span><\/span><\/p>\n<h5><span class=\"TextRun Highlight SCXW138433640 BCX4\" lang=\"NL-NL\" xml:lang=\"NL-NL\" data-contrast=\"none\"><span class=\"NormalTextRun SCXW138433640 BCX4\">CHEVALIERS ET CH\u00c2TEAUX<\/span><\/span><\/h5>\n<p><span class=\"NormalTextRun SCXW90177957 BCX4\">Non loin de l&rsquo;Orangerie, \u00e0 environ 15 minutes de route, se trouve le site suivant <\/span><span class=\"NormalTextRun SpellingErrorV2Themed SCXW90177957 BCX4\">Falaise<\/span><span class=\"NormalTextRun SCXW90177957 BCX4\">avec le <a href=\"https:\/\/www.falaise-suissenormande.com\/nl\/sites-et-musees\/chateau-guillaume-le-conquerant\/\" target=\"_blank\" rel=\"noopener\">ch\u00e2teau de Guillaume le Conqu\u00e9rant<\/a>, fortement recommand\u00e9.<\/span> <\/p>\n<p><span class=\"NormalTextRun SCXW90177957 BCX4\">Sur <\/span><span class=\"NormalTextRun SpellingErrorV2Themed SCXW90177957 BCX4\">Falaise<\/span><span class=\"NormalTextRun SCXW90177957 BCX4\"> On y trouve \u00e9galement des supermarch\u00e9s, des p\u00e2tisseries, des boucheries et toutes sortes d&rsquo;autres magasins.<\/span><\/p>\n<p>[\/vc_column_text][\/vc_column_inner][\/vc_row_inner][\/vc_column][\/vc_row]<\/p>\n<\/div>","protected":false},"excerpt":{"rendered":"<p>[vc_row gap=\u00a0\u00bb20&Prime; css=\u00a0\u00bb.vc_custom_1657226816285{margin-top: 0px !important;margin-bottom: 0px !important;padding-top: 100px !important;padding-bottom: 100px !important;}\u00a0\u00bb][vc_column][vc_custom_heading text=\u00a0\u00bbNotre emplacement et les environs\u00a0\u00bb font_container=\u00a0\u00bbtag:h2|font_size:52|text_align:left\u00a0\u00bb][vc_column_text el_class=\u00a0\u00bbminderhoog\u00a0\u00bb]\u00c0 l&rsquo;int\u00e9rieur et \u00e0 l&rsquo;ext\u00e9rieur des anciens murs de l&rsquo;Orangerie Normandie, France[\/vc_column_text][\/vc_column][vc_column width=\u00a0\u00bb1\/3&Prime; [&hellip;]<\/p>\n","protected":false},"author":1,"featured_media":0,"parent":0,"menu_order":0,"comment_status":"closed","ping_status":"closed","template":"","meta":{"footnotes":""},"class_list":["post-5635","page","type-page","status-publish","hentry",null],"_links":{"self":[{"href":"https:\/\/orangerienormandie.com\/fr\/wp-json\/wp\/v2\/pages\/5635","targetHints":{"allow":["GET"]}}],"collection":[{"href":"https:\/\/orangerienormandie.com\/fr\/wp-json\/wp\/v2\/pages"}],"about":[{"href":"https:\/\/orangerienormandie.com\/fr\/wp-json\/wp\/v2\/types\/page"}],"author":[{"embeddable":true,"href":"https:\/\/orangerienormandie.com\/fr\/wp-json\/wp\/v2\/users\/1"}],"replies":[{"embeddable":true,"href":"https:\/\/orangerienormandie.com\/fr\/wp-json\/wp\/v2\/comments?post=5635"}],"version-history":[{"count":8,"href":"https:\/\/orangerienormandie.com\/fr\/wp-json\/wp\/v2\/pages\/5635\/revisions"}],"predecessor-version":[{"id":6717,"href":"https:\/\/orangerienormandie.com\/fr\/wp-json\/wp\/v2\/pages\/5635\/revisions\/6717"}],"wp:attachment":[{"href":"https:\/\/orangerienormandie.com\/fr\/wp-json\/wp\/v2\/media?parent=5635"}],"curies":[{"name":"wp","href":"https:\/\/api.w.org\/{rel}","templated":true}]}}